{"id":17898,"date":"2026-02-11T13:38:10","date_gmt":"2026-02-11T12:38:10","guid":{"rendered":"https:\/\/www.mjr.gmbh\/?page_id=17898"},"modified":"2026-02-11T14:12:06","modified_gmt":"2026-02-11T13:12:06","slug":"system-trainings","status":"publish","type":"page","link":"https:\/\/www.mjr.gmbh\/en\/system-trainings\/","title":{"rendered":"System trainings"},"content":{"rendered":"<section class=\"l-section wpb_row us_custom_3b98421e height_huge with_img parallax_ver with_shape\"><div class=\"l-section-img\" role=\"img\" aria-label=\"mjr schulung\" data-img-width=\"1536\" data-img-height=\"718\" style=\"background-image: url(https:\/\/mjr.gmbh\/wp-content\/uploads\/it-schulung-1.png);background-repeat: no-repeat;\"><\/div><div class=\"l-section-overlay\" style=\"background:rgba(0,0,0,0.15)\"><\/div><div class=\"l-section-shape type_tilt pos_bottom hor_flip\" style=\"height:15vmin;\"><svg xmlns=\"http:\/\/www.w3.org\/2000\/svg\" viewBox=\"0 0 64 8\" preserveAspectRatio=\"none\" width=\"100%\" height=\"100%\">\r\n\t<path fill=\"currentColor\" d=\"M64 7.9 L64 10 L0 10 L0 0 Z\"\/>\r\n<\/svg><\/div><div class=\"l-section-h i-cf\"><div class=\"g-cols vc_row via_flex valign_bottom type_default stacking_default\"><div class=\"vc_col-sm-1 wpb_column vc_column_container\"><div class=\"vc_column-inner\"><div class=\"wpb_wrapper\"><\/div><\/div><\/div><div class=\"vc_col-sm-10 wpb_column vc_column_container\"><div class=\"vc_column-inner\"><div class=\"wpb_wrapper\"><h1 class=\"w-post-elm post_title us_custom_618438b3 has_text_color align_left entry-title color_link_inherit\">System trainings<\/h1><div class=\"wpb_text_column us_custom_085c8764\"><div class=\"wpb_wrapper\"><h2><span style=\"color: #ffffff;\">Training from our experts: many years of experience and expertise<\/span><\/h2>\n<\/div><\/div>[vc_btn title=&#8220;Request training directly&#8220; i_icon_fontawesome=&#8220;fa fa-solid fa-paper-plane&#8220; css=&#8220;&#8220; add_icon=&#8220;true&#8220; link=&#8220;url:%23kontakt&#8220; el_class=&#8220;btn-red&#8220;]<\/div><\/div><\/div><div class=\"vc_col-sm-1 wpb_column vc_column_container\"><div class=\"vc_column-inner\"><div class=\"wpb_wrapper\"><\/div><\/div><\/div><\/div><\/div><\/section><!-- Row Backgrounds --><!-- Row Backgrounds --><section class=\"l-section wpb_row us_custom_b4c0c321 height_auto\"><div class=\"l-section-h i-cf\"><div class=\"g-cols vc_row via_flex valign_top type_default stacking_default\"><div class=\"vc_col-sm-1 wpb_column vc_column_container\"><div class=\"vc_column-inner us_custom_6f82108f\"><div class=\"wpb_wrapper\"><\/div><\/div><\/div><div class=\"vc_col-sm-10 wpb_column vc_column_container\"><div class=\"vc_column-inner\"><div class=\"wpb_wrapper\"><div class=\"wpb_text_column\"><div class=\"wpb_wrapper\"><h2>Our trainings and courses<\/h2>\n<\/div><\/div><div class=\"w-pricing style_simple items_4\"><div class=\"w-pricing-item type_default\"><div class=\"w-pricing-item-h\"><div class=\"w-pricing-item-header\"><div class=\"w-pricing-item-title\">Infor XA training<\/div><div class=\"w-pricing-item-price\"><\/div><\/div><ul class=\"w-pricing-item-features\"><li class=\"w-pricing-item-feature\">Training on Infor XA topics<\/li><li class=\"w-pricing-item-feature\">such as user training<\/li><\/ul><div class=\"w-pricing-item-footer\"><a class=\"w-btn us-btn-style_1\" style=\"font-size:15px\" href=\"\/en\/contact\/\"><span class=\"w-btn-label\">Request training<\/span><\/a><\/div><\/div><\/div><div class=\"w-pricing-item type_featured\"><div class=\"w-pricing-item-h\"><div class=\"w-pricing-item-header\"><div class=\"w-pricing-item-title\">Infor OS training<\/div><div class=\"w-pricing-item-price\"> <\/div><\/div><ul class=\"w-pricing-item-features\"><li class=\"w-pricing-item-feature\">Training on Infor OS topics<\/li><li class=\"w-pricing-item-feature\">such as user training<\/li><\/ul><div class=\"w-pricing-item-footer\"><a class=\"w-btn us-btn-style_1\" style=\"font-size:15px\" href=\"\/en\/contact\/\"><span class=\"w-btn-label\">Request training<\/span><\/a><\/div><\/div><\/div><div class=\"w-pricing-item type_default\"><div class=\"w-pricing-item-h\"><div class=\"w-pricing-item-header\"><div class=\"w-pricing-item-title\">Output Management<\/div><div class=\"w-pricing-item-price\"><\/div><\/div><ul class=\"w-pricing-item-features\"><li class=\"w-pricing-item-feature\">Output Management training<\/li><li class=\"w-pricing-item-feature\">Topics with InterForm NG2<\/li><\/ul><div class=\"w-pricing-item-footer\"><a class=\"w-btn us-btn-style_1\" style=\"font-size:15px\" href=\"\/en\/contact\"><span class=\"w-btn-label\">Request training<\/span><\/a><\/div><\/div><\/div><div class=\"w-pricing-item type_featured\"><div class=\"w-pricing-item-h\"><div class=\"w-pricing-item-header\"><div class=\"w-pricing-item-title\">AS 400 \/ IBM i Schulung<\/div><div class=\"w-pricing-item-price\"><\/div><\/div><ul class=\"w-pricing-item-features\"><li class=\"w-pricing-item-feature\">Training about IBM i <\/li><li class=\"w-pricing-item-feature\">or AS400 topics<\/li><\/ul><div class=\"w-pricing-item-footer\"><a class=\"w-btn us-btn-style_1\" style=\"font-size:15px\" href=\"\/en\/contact\"><span class=\"w-btn-label\">Request training<\/span><\/a><\/div><\/div><\/div><\/div><div class=\"wpb_text_column us_custom_0f8f44b7\"><div class=\"wpb_wrapper\"><p><span style=\"font-size: 14pt;\">The overview shows only our standard training courses. We can also send you a customized offer based on your requirements.<\/span><\/p>\n<\/div><\/div><\/div><\/div><\/div><div class=\"vc_col-sm-1 wpb_column vc_column_container\"><div class=\"vc_column-inner us_custom_ad6109fb\"><div class=\"wpb_wrapper\"><\/div><\/div><\/div><\/div><\/div><\/section><section class=\"l-section wpb_row us_custom_8e7e0486 height_small\"><div class=\"l-section-overlay\" style=\"background:var(--color-header-top-bg)\"><\/div><div class=\"l-section-h i-cf\"><div class=\"g-cols vc_row via_flex valign_top type_default stacking_default\"><div class=\"vc_col-sm-1 wpb_column vc_column_container\"><div class=\"vc_column-inner\"><div class=\"wpb_wrapper\"><\/div><\/div><\/div><div class=\"vc_col-sm-5 wpb_column vc_column_container\"><div class=\"vc_column-inner\"><div class=\"wpb_wrapper\"><div class=\"wpb_text_column\"><div class=\"wpb_wrapper\"><h3>Our Team for your success<\/h3>\n<p><span style=\"font-size: 14pt;\">For over 15 years, the MJR team has been committed to supporting you and your company. With training courses from our IT specialists, we pass on our expertise in various technologies to you &#8211; exactly where you need it!<\/span><\/p>\n<p><span style=\"font-size: 14pt;\">Contact us and we will find the right consultant for your needs.<\/span><\/p>\n<\/div><\/div><\/div><\/div><\/div><div class=\"vc_col-sm-5 wpb_column vc_column_container\"><div class=\"vc_column-inner\"><div class=\"wpb_wrapper\"><div class=\"w-video align_none ratio_16x9 has_iframe confirm_load\" data-cookie-name=\"youtube_load_confirmed\"><div class=\"w-video-h\"><script type=\"text\/template\">PGlmcmFtZSB0aXRsZT0iWW91dHViZSB2aWRlbyBwbGF5ZXIiIHNyYz0iLy93d3cueW91dHViZS5jb20vZW1iZWQvQVptbWgxVnM5OG8\/YXV0b3BsYXk9MCZjb250cm9scz0xJm9yaWdpbj1odHRwczovL3d3dy5tanIuZ21iaC9lbi8mbG9vcD0wJm11dGU9MCIgYWxsb3dmdWxsc2NyZWVuPSIxIiBsb2FkaW5nPSJsYXp5Ij48L2lmcmFtZT4=<\/script><div class=\"w-video-privacy\"><p>By loading this video, you agree to the privacy policy of <a href=\"https:\/\/policies.google.com\/privacy\" target=\"_blank\" rel=\"nofollow noreferrer\">Youtube<\/a>.<\/p><p><label><input type=\"checkbox\" name=\"youtube_load_confirmed[]\" value=\"0\"><span>Always load Youtube videos on this site.<\/span><\/label><\/p><p><button class=\"w-btn action_confirm_load us-btn-style_1\" type=\"button\"><span class=\"w-btn-label\">Load Video<\/span><\/button><\/p><\/div><\/div><\/div><\/div><\/div><\/div><div class=\"vc_col-sm-1 wpb_column vc_column_container\"><div class=\"vc_column-inner\"><div class=\"wpb_wrapper\"><\/div><\/div><\/div><\/div><\/div><\/section><section class=\"l-section wpb_row us_custom_0dd8fd29 height_medium\" id=\"kontakt\"><div class=\"l-section-h i-cf\"><div class=\"g-cols vc_row via_flex valign_top type_default stacking_default\"><div class=\"vc_col-sm-12 wpb_column vc_column_container\"><div class=\"vc_column-inner\"><div class=\"wpb_wrapper\">[vc_custom_heading text=&#8220;Book a training with our experts now: Contact us today!&#8220; use_theme_fonts=&#8220;yes&#8220;]<div class=\"g-cols wpb_row via_flex valign_top type_default stacking_default\"><div class=\"vc_col-sm-3 wpb_column vc_column_container\"><div class=\"vc_column-inner\"><div class=\"wpb_wrapper\"><div class=\"w-image style_circle align_center\"><div class=\"w-image-h\"><img decoding=\"async\" width=\"150\" height=\"150\" src=\"https:\/\/mjr.gmbh\/wp-content\/uploads\/Michael_350x350-150x150.png\" class=\"attachment-thumbnail size-thumbnail\" alt=\"Michael raber\" loading=\"lazy\" srcset=\"https:\/\/mjr.gmbh\/wp-content\/uploads\/Michael_350x350-150x150.png 150w, https:\/\/mjr.gmbh\/wp-content\/uploads\/Michael_350x350-300x300.png 300w, https:\/\/mjr.gmbh\/wp-content\/uploads\/Michael_350x350.png 350w\" sizes=\"auto, (max-width: 150px) 100vw, 150px\" \/><\/div><\/div><\/div><\/div><\/div><div class=\"vc_col-sm-9 wpb_column vc_column_container\"><div class=\"vc_column-inner\"><div class=\"wpb_wrapper\"><div class=\"wpb_text_column\"><div class=\"wpb_wrapper\"><p><strong>Michael Raber<br \/>\n<\/strong>General Manager<\/p>\n<\/div><\/div><div class=\"aio-icon-component    style_1\"><a class=\"aio-icon-box-link\" href=\"mailto:kontakt@mjr.gmbh\" ><div id=\"Info-box-wrap-7858\" class=\"aio-icon-box default-icon\" style=\"\"  ><div class=\"aio-icon-default\"><div class=\"ult-just-icon-wrapper  \"><div class=\"align-icon\" style=\"text-align:center;\">\n<div class=\"aio-icon none \"  style=\"color:#333;font-size:32px;display:inline-block;\">\n\t<i class=\"Defaults-envelope\"><\/i>\n<\/div><\/div><\/div><\/div><div class=\"aio-icon-header\" ><p class=\"aio-icon-title ult-responsive\"  data-ultimate-target='#Info-box-wrap-7858 .aio-icon-title'  data-responsive-json-new='{\"font-size\":\"\",\"line-height\":\"\"}'  style=\"\">kontakt@mjr.gmbh<\/p><\/div> <!-- header --><\/div> <!-- aio-icon-box --><\/a><\/div> <!-- aio-icon-component --><\/div><\/div><\/div><\/div><div class=\"g-cols wpb_row via_flex valign_top type_default stacking_default\"><div class=\"vc_col-sm-12 wpb_column vc_column_container\"><div class=\"vc_column-inner\"><div class=\"wpb_wrapper\">\n<div class=\"wpcf7 no-js\" id=\"wpcf7-f10115-o1\" lang=\"de-DE\" dir=\"ltr\" data-wpcf7-id=\"10115\">\n<div class=\"screen-reader-response\"><p role=\"status\" aria-live=\"polite\" aria-atomic=\"true\"><\/p> <ul><\/ul><\/div>\n<form action=\"\/en\/wp-json\/wp\/v2\/pages\/17898#wpcf7-f10115-o1\" method=\"post\" class=\"wpcf7-form init\" aria-label=\"Kontaktformular\" novalidate=\"novalidate\" data-status=\"init\">\n<fieldset class=\"hidden-fields-container\"><input type=\"hidden\" name=\"_wpcf7\" value=\"10115\" \/><input type=\"hidden\" name=\"_wpcf7_version\" value=\"6.1.5\" \/><input type=\"hidden\" name=\"_wpcf7_locale\" value=\"de_DE\" \/><input type=\"hidden\" name=\"_wpcf7_unit_tag\" value=\"wpcf7-f10115-o1\" \/><input type=\"hidden\" name=\"_wpcf7_container_post\" value=\"0\" \/><input type=\"hidden\" name=\"_wpcf7_posted_data_hash\" value=\"\" \/>\n<\/fieldset>\n<div class=\"contact-form\">\n\t<div class=\"contact-50\">\n\t\t<p>Vorname*:<br \/>\n<span class=\"wpcf7-form-control-wrap\" data-name=\"vorname\"><input size=\"40\" maxlength=\"400\" class=\"wpcf7-form-control wpcf7-text wpcf7-validates-as-required\" aria-required=\"true\" aria-invalid=\"false\" value=\"\" type=\"text\" name=\"vorname\" \/><\/span>\n\t\t<\/p>\n\t\t<p>Nachname*:<br \/>\n<span class=\"wpcf7-form-control-wrap\" data-name=\"nachname\"><input size=\"40\" maxlength=\"400\" class=\"wpcf7-form-control wpcf7-text wpcf7-validates-as-required\" aria-required=\"true\" aria-invalid=\"false\" value=\"\" type=\"text\" name=\"nachname\" \/><\/span>\n\t\t<\/p>\n\t\t<p>Firma*:<br \/>\n<span class=\"wpcf7-form-control-wrap\" data-name=\"firma\"><input size=\"40\" maxlength=\"400\" class=\"wpcf7-form-control wpcf7-text wpcf7-validates-as-required\" aria-required=\"true\" aria-invalid=\"false\" value=\"\" type=\"text\" name=\"firma\" \/><\/span>\n\t\t<\/p>\n\t\t<p>E-Mail-Adresse*:<br \/>\n<span class=\"wpcf7-form-control-wrap\" data-name=\"email\"><input size=\"40\" maxlength=\"400\" class=\"wpcf7-form-control wpcf7-email wpcf7-validates-as-required wpcf7-text wpcf7-validates-as-email\" aria-required=\"true\" aria-invalid=\"false\" value=\"\" type=\"email\" name=\"email\" \/><\/span>\n\t\t<\/p>\n\t<\/div>\n\t<p>Nachricht:<br \/>\n<span class=\"wpcf7-form-control-wrap\" data-name=\"message\"><textarea cols=\"40\" rows=\"10\" maxlength=\"2000\" class=\"wpcf7-form-control wpcf7-textarea wpcf7-validates-as-required\" aria-required=\"true\" aria-invalid=\"false\" name=\"message\"><\/textarea><\/span>\n\t<\/p>\n<\/div>\n<p><span class=\"wpcf7-form-control-wrap\" data-name=\"acceptance-standard\"><span class=\"wpcf7-form-control wpcf7-acceptance\"><span class=\"wpcf7-list-item\"><label><input type=\"checkbox\" name=\"acceptance-standard\" value=\"1\" aria-invalid=\"false\" \/><span class=\"wpcf7-list-item-label\">Ich stimme zu, dass meine Angaben aus dem Kontaktformular zur Beantwortung meiner Anfrage erhoben und verarbeitet werden. Die Daten werden nach abgeschlossener Bearbeitung Ihrer Anfrage gel\u00f6scht. Hinweis: Sie k\u00f6nnen Ihre Einwilligung jederzeit f\u00fcr die Zukunft per E-Mail an kontakt@mjr.gmbh widerrufen. Informationen zum Umgang mit Nutzerdaten finden Sie in unserer <a title=\"Datenschutz\" href=\"\/datenschutz\"  target=\"_blank\">Datenschutzerkl\u00e4rung<\/a>.<\/span><\/label><\/span><\/span><\/span>\n<\/p>\n<p><span id=\"wpcf7-69d09cbe85284-wrapper\" class=\"wpcf7-form-control-wrap honeypot-977-wrap\" style=\"display:none !important; visibility:hidden !important;\"><label for=\"wpcf7-69d09cbe85284-field\" class=\"hp-message\">Bitte lasse dieses Feld leer.<\/label><input id=\"wpcf7-69d09cbe85284-field\"  class=\"wpcf7-form-control wpcf7-text\" type=\"text\" name=\"honeypot-977\" value=\"\" size=\"40\" tabindex=\"-1\" autocomplete=\"new-password\" \/><\/span>\n<\/p>\n<p><input class=\"wpcf7-form-control wpcf7-submit has-spinner\" type=\"submit\" value=\"Nachricht senden\" \/>\n<\/p><input type=\"text\" name=\"tTRKv\" value=\"\" style=\"display: none !important;\" \/><div class=\"wpcf7-response-output\" aria-hidden=\"true\"><\/div>\n<\/form>\n<\/div>\n<\/div><\/div><\/div><\/div><\/div><\/div><\/div><\/div><\/div><\/section>\n","protected":false},"excerpt":{"rendered":"System trainingsTraining from our experts: many years of experience and expertise [vc_btn title=\"Request training directly\" i_icon_fontawesome=\"fa fa-solid fa-paper-plane\" css=\"\" add_icon=\"true\" link=\"url:%23kontakt\" el_class=\"btn-red\"]Our trainings and courses Infor XA trainingTraining on Infor XA topicssuch as user trainingRequest trainingInfor OS training Training on Infor OS topicssuch as user trainingRequest trainingOutput ManagementOutput Management trainingTopics with InterForm NG2Request trainingAS 400...","protected":false},"author":18,"featured_media":17892,"parent":0,"menu_order":0,"comment_status":"closed","ping_status":"closed","template":"","meta":{"_acf_changed":false,"footnotes":""},"class_list":["post-17898","page","type-page","status-publish","has-post-thumbnail","hentry"],"acf":[],"yoast_head":"<!-- This site is optimized with the Yoast SEO plugin v27.3 - https:\/\/yoast.com\/product\/yoast-seo-wordpress\/ -->\n<title>System trainings - MJR GmbH<\/title>\n<meta name=\"description\" content=\"Die Schulungen im Bereich ERP-Systeme oder IBM i bieten wir Ihnen remote oder bei Ihnen vor Ort an. Sprechen Sie uns an!\" \/>\n<meta name=\"robots\" content=\"index, follow, max-snippet:-1, max-image-preview:large, max-video-preview:-1\" \/>\n<link rel=\"canonical\" href=\"https:\/\/www.mjr.gmbh\/en\/system-trainings\/\" \/>\n<meta property=\"og:locale\" content=\"en_US\" \/>\n<meta property=\"og:type\" content=\"article\" \/>\n<meta property=\"og:title\" content=\"System trainings - MJR GmbH\" \/>\n<meta property=\"og:description\" content=\"Die Schulungen im Bereich ERP-Systeme oder IBM i bieten wir Ihnen remote oder bei Ihnen vor Ort an. Sprechen Sie uns an!\" \/>\n<meta property=\"og:url\" content=\"https:\/\/www.mjr.gmbh\/en\/system-trainings\/\" \/>\n<meta property=\"og:site_name\" content=\"MJR GmbH\" \/>\n<meta property=\"article:publisher\" content=\"https:\/\/www.facebook.com\/mjr.gmbh\" \/>\n<meta property=\"article:modified_time\" content=\"2026-02-11T13:12:06+00:00\" \/>\n<meta property=\"og:image\" content=\"https:\/\/mjr.gmbh\/wp-content\/uploads\/it-schulung-1.png\" \/>\n\t<meta property=\"og:image:width\" content=\"1536\" \/>\n\t<meta property=\"og:image:height\" content=\"718\" \/>\n\t<meta property=\"og:image:type\" content=\"image\/png\" \/>\n<meta name=\"twitter:card\" content=\"summary_large_image\" \/>\n<meta name=\"twitter:label1\" content=\"Gesch\u00e4tzte Lesezeit\" \/>\n\t<meta name=\"twitter:data1\" content=\"2\u00a0Minuten\" \/>\n<script type=\"application\/ld+json\" class=\"yoast-schema-graph\">{\"@context\":\"https:\\\/\\\/schema.org\",\"@graph\":[{\"@type\":\"WebPage\",\"@id\":\"https:\\\/\\\/www.mjr.gmbh\\\/en\\\/system-trainings\\\/\",\"url\":\"https:\\\/\\\/www.mjr.gmbh\\\/en\\\/system-trainings\\\/\",\"name\":\"System trainings - MJR GmbH\",\"isPartOf\":{\"@id\":\"https:\\\/\\\/www.mjr.gmbh\\\/en\\\/#website\"},\"primaryImageOfPage\":{\"@id\":\"https:\\\/\\\/www.mjr.gmbh\\\/en\\\/system-trainings\\\/#primaryimage\"},\"image\":{\"@id\":\"https:\\\/\\\/www.mjr.gmbh\\\/en\\\/system-trainings\\\/#primaryimage\"},\"thumbnailUrl\":\"https:\\\/\\\/mjr.gmbh\\\/wp-content\\\/uploads\\\/it-schulung-1.png\",\"datePublished\":\"2026-02-11T12:38:10+00:00\",\"dateModified\":\"2026-02-11T13:12:06+00:00\",\"description\":\"Die Schulungen im Bereich ERP-Systeme oder IBM i bieten wir Ihnen remote oder bei Ihnen vor Ort an. Sprechen Sie uns an!\",\"breadcrumb\":{\"@id\":\"https:\\\/\\\/www.mjr.gmbh\\\/en\\\/system-trainings\\\/#breadcrumb\"},\"inLanguage\":\"de\",\"potentialAction\":[{\"@type\":\"ReadAction\",\"target\":[\"https:\\\/\\\/www.mjr.gmbh\\\/en\\\/system-trainings\\\/\"]}]},{\"@type\":\"ImageObject\",\"inLanguage\":\"de\",\"@id\":\"https:\\\/\\\/www.mjr.gmbh\\\/en\\\/system-trainings\\\/#primaryimage\",\"url\":\"https:\\\/\\\/mjr.gmbh\\\/wp-content\\\/uploads\\\/it-schulung-1.png\",\"contentUrl\":\"https:\\\/\\\/mjr.gmbh\\\/wp-content\\\/uploads\\\/it-schulung-1.png\",\"width\":1536,\"height\":718,\"caption\":\"mjr schulung\"},{\"@type\":\"BreadcrumbList\",\"@id\":\"https:\\\/\\\/www.mjr.gmbh\\\/en\\\/system-trainings\\\/#breadcrumb\",\"itemListElement\":[{\"@type\":\"ListItem\",\"position\":1,\"name\":\"Startseite\",\"item\":\"https:\\\/\\\/www.mjr.gmbh\\\/en\\\/\"},{\"@type\":\"ListItem\",\"position\":2,\"name\":\"System trainings\"}]},{\"@type\":\"WebSite\",\"@id\":\"https:\\\/\\\/www.mjr.gmbh\\\/en\\\/#website\",\"url\":\"https:\\\/\\\/www.mjr.gmbh\\\/en\\\/\",\"name\":\"MJR GmbH\",\"description\":\"MJR GmbH - Digitalisierung f\u00fcr den Mittelstand\",\"publisher\":{\"@id\":\"https:\\\/\\\/www.mjr.gmbh\\\/en\\\/#organization\"},\"potentialAction\":[{\"@type\":\"SearchAction\",\"target\":{\"@type\":\"EntryPoint\",\"urlTemplate\":\"https:\\\/\\\/www.mjr.gmbh\\\/en\\\/?s={search_term_string}\"},\"query-input\":{\"@type\":\"PropertyValueSpecification\",\"valueRequired\":true,\"valueName\":\"search_term_string\"}}],\"inLanguage\":\"de\"},{\"@type\":\"Organization\",\"@id\":\"https:\\\/\\\/www.mjr.gmbh\\\/en\\\/#organization\",\"name\":\"MJR GmbH\",\"url\":\"https:\\\/\\\/www.mjr.gmbh\\\/en\\\/\",\"logo\":{\"@type\":\"ImageObject\",\"inLanguage\":\"de\",\"@id\":\"https:\\\/\\\/www.mjr.gmbh\\\/en\\\/#\\\/schema\\\/logo\\\/image\\\/\",\"url\":\"\",\"contentUrl\":\"\",\"caption\":\"MJR GmbH\"},\"image\":{\"@id\":\"https:\\\/\\\/www.mjr.gmbh\\\/en\\\/#\\\/schema\\\/logo\\\/image\\\/\"},\"sameAs\":[\"https:\\\/\\\/www.facebook.com\\\/mjr.gmbh\",\"https:\\\/\\\/www.instagram.com\\\/mjrgmbh\",\"https:\\\/\\\/www.linkedin.com\\\/company\\\/mjrgmbh\\\/\",\"https:\\\/\\\/www.youtube.com\\\/channel\\\/UCodd4EtgS-12wppUPRXK8QA\"]}]}<\/script>\n<!-- \/ Yoast SEO plugin. -->","yoast_head_json":{"title":"System trainings - MJR GmbH","description":"Die Schulungen im Bereich ERP-Systeme oder IBM i bieten wir Ihnen remote oder bei Ihnen vor Ort an. Sprechen Sie uns an!","robots":{"index":"index","follow":"follow","max-snippet":"max-snippet:-1","max-image-preview":"max-image-preview:large","max-video-preview":"max-video-preview:-1"},"canonical":"https:\/\/www.mjr.gmbh\/en\/system-trainings\/","og_locale":"en_US","og_type":"article","og_title":"System trainings - MJR GmbH","og_description":"Die Schulungen im Bereich ERP-Systeme oder IBM i bieten wir Ihnen remote oder bei Ihnen vor Ort an. Sprechen Sie uns an!","og_url":"https:\/\/www.mjr.gmbh\/en\/system-trainings\/","og_site_name":"MJR GmbH","article_publisher":"https:\/\/www.facebook.com\/mjr.gmbh","article_modified_time":"2026-02-11T13:12:06+00:00","og_image":[{"width":1536,"height":718,"url":"https:\/\/mjr.gmbh\/wp-content\/uploads\/it-schulung-1.png","type":"image\/png"}],"twitter_card":"summary_large_image","twitter_misc":{"Gesch\u00e4tzte Lesezeit":"2\u00a0Minuten"},"schema":{"@context":"https:\/\/schema.org","@graph":[{"@type":"WebPage","@id":"https:\/\/www.mjr.gmbh\/en\/system-trainings\/","url":"https:\/\/www.mjr.gmbh\/en\/system-trainings\/","name":"System trainings - MJR GmbH","isPartOf":{"@id":"https:\/\/www.mjr.gmbh\/en\/#website"},"primaryImageOfPage":{"@id":"https:\/\/www.mjr.gmbh\/en\/system-trainings\/#primaryimage"},"image":{"@id":"https:\/\/www.mjr.gmbh\/en\/system-trainings\/#primaryimage"},"thumbnailUrl":"https:\/\/mjr.gmbh\/wp-content\/uploads\/it-schulung-1.png","datePublished":"2026-02-11T12:38:10+00:00","dateModified":"2026-02-11T13:12:06+00:00","description":"Die Schulungen im Bereich ERP-Systeme oder IBM i bieten wir Ihnen remote oder bei Ihnen vor Ort an. Sprechen Sie uns an!","breadcrumb":{"@id":"https:\/\/www.mjr.gmbh\/en\/system-trainings\/#breadcrumb"},"inLanguage":"de","potentialAction":[{"@type":"ReadAction","target":["https:\/\/www.mjr.gmbh\/en\/system-trainings\/"]}]},{"@type":"ImageObject","inLanguage":"de","@id":"https:\/\/www.mjr.gmbh\/en\/system-trainings\/#primaryimage","url":"https:\/\/mjr.gmbh\/wp-content\/uploads\/it-schulung-1.png","contentUrl":"https:\/\/mjr.gmbh\/wp-content\/uploads\/it-schulung-1.png","width":1536,"height":718,"caption":"mjr schulung"},{"@type":"BreadcrumbList","@id":"https:\/\/www.mjr.gmbh\/en\/system-trainings\/#breadcrumb","itemListElement":[{"@type":"ListItem","position":1,"name":"Startseite","item":"https:\/\/www.mjr.gmbh\/en\/"},{"@type":"ListItem","position":2,"name":"System trainings"}]},{"@type":"WebSite","@id":"https:\/\/www.mjr.gmbh\/en\/#website","url":"https:\/\/www.mjr.gmbh\/en\/","name":"MJR GmbH","description":"MJR GmbH - Digitalisierung f\u00fcr den Mittelstand","publisher":{"@id":"https:\/\/www.mjr.gmbh\/en\/#organization"},"potentialAction":[{"@type":"SearchAction","target":{"@type":"EntryPoint","urlTemplate":"https:\/\/www.mjr.gmbh\/en\/?s={search_term_string}"},"query-input":{"@type":"PropertyValueSpecification","valueRequired":true,"valueName":"search_term_string"}}],"inLanguage":"de"},{"@type":"Organization","@id":"https:\/\/www.mjr.gmbh\/en\/#organization","name":"MJR GmbH","url":"https:\/\/www.mjr.gmbh\/en\/","logo":{"@type":"ImageObject","inLanguage":"de","@id":"https:\/\/www.mjr.gmbh\/en\/#\/schema\/logo\/image\/","url":"","contentUrl":"","caption":"MJR GmbH"},"image":{"@id":"https:\/\/www.mjr.gmbh\/en\/#\/schema\/logo\/image\/"},"sameAs":["https:\/\/www.facebook.com\/mjr.gmbh","https:\/\/www.instagram.com\/mjrgmbh","https:\/\/www.linkedin.com\/company\/mjrgmbh\/","https:\/\/www.youtube.com\/channel\/UCodd4EtgS-12wppUPRXK8QA"]}]}},"_links":{"self":[{"href":"https:\/\/www.mjr.gmbh\/en\/wp-json\/wp\/v2\/pages\/17898","targetHints":{"allow":["GET"]}}],"collection":[{"href":"https:\/\/www.mjr.gmbh\/en\/wp-json\/wp\/v2\/pages"}],"about":[{"href":"https:\/\/www.mjr.gmbh\/en\/wp-json\/wp\/v2\/types\/page"}],"author":[{"embeddable":true,"href":"https:\/\/www.mjr.gmbh\/en\/wp-json\/wp\/v2\/users\/18"}],"replies":[{"embeddable":true,"href":"https:\/\/www.mjr.gmbh\/en\/wp-json\/wp\/v2\/comments?post=17898"}],"version-history":[{"count":5,"href":"https:\/\/www.mjr.gmbh\/en\/wp-json\/wp\/v2\/pages\/17898\/revisions"}],"predecessor-version":[{"id":17910,"href":"https:\/\/www.mjr.gmbh\/en\/wp-json\/wp\/v2\/pages\/17898\/revisions\/17910"}],"wp:featuredmedia":[{"embeddable":true,"href":"https:\/\/www.mjr.gmbh\/en\/wp-json\/wp\/v2\/media\/17892"}],"wp:attachment":[{"href":"https:\/\/www.mjr.gmbh\/en\/wp-json\/wp\/v2\/media?parent=17898"}],"curies":[{"name":"wp","href":"https:\/\/api.w.org\/{rel}","templated":true}]}}