{"id":100,"date":"2019-05-31T18:40:57","date_gmt":"2019-05-31T16:40:57","guid":{"rendered":"https:\/\/mjr.gmbh\/?page_id=100"},"modified":"2023-03-17T08:00:40","modified_gmt":"2023-03-17T07:00:40","slug":"support","status":"publish","type":"page","link":"https:\/\/www.mjr.gmbh\/fr\/support\/","title":{"rendered":"Unser Support hilft weiter"},"content":{"rendered":"<section class=\"l-section wpb_row height_medium\"><div class=\"l-section-h i-cf\"><div class=\"g-cols vc_row via_flex valign_top type_default stacking_default\"><div class=\"vc_col-sm-12 wpb_column vc_column_container\"><div class=\"vc_column-inner\"><div class=\"wpb_wrapper\"><div class=\"wpb_text_column\"><div class=\"wpb_wrapper\"><h2>MJR Support mit Zammad<\/h2>\n<p><span style=\"font-size: 14pt;\">Schnelle Hilfe ist nur einen Klick entfernt: \u00d6ffnen Sie unser Zammadsystem unter dem bekannten Link und erstellen Sie uns ein Ticket.<br \/>\nDen Zugang erstellen wir gerne auf Anfrage f\u00fcr Sie.<br \/>\n<\/span><\/p>\n<p><a class=\"w-btn us-btn-style_1\" title=\"Zugang anfragen\" href=\"\/kontakt\"><span class=\"w-btn-label\">Zugang anfragen<\/span><\/a><\/p>\n<\/div><\/div><div class=\"w-image us_custom_59aee68e align_none\"><div class=\"w-image-h\"><img decoding=\"async\" width=\"490\" height=\"420\" src=\"https:\/\/www.mjr.gmbh\/wp-content\/uploads\/zammad_login.jpg\" class=\"attachment-full size-full\" alt=\"\" loading=\"lazy\" srcset=\"https:\/\/www.mjr.gmbh\/wp-content\/uploads\/zammad_login.jpg 490w, https:\/\/www.mjr.gmbh\/wp-content\/uploads\/zammad_login-300x257.jpg 300w\" sizes=\"auto, (max-width: 490px) 100vw, 490px\" \/><\/div><\/div><div class=\"wpb_text_column us_custom_2ae65f69\"><div class=\"wpb_wrapper\"><p><span style=\"font-size: 14pt;\">Dieses Ticket wird im Anschluss schnellstm\u00f6glich Ihrem passenden Ansprechpartner zugeordnet, der Ihnen zeitnah mit Ihrem Anliegen weiterhelfen wird. Sollten wir einmal nicht die passende Antwort parat haben, werden wir alles daran setzen einen passenden Ansprechpartner, zum Beispiel bei einem unserer Partner f\u00fcr Sie zu finden. Unsere Experten helfen Ihnen dabei!<br \/>\n<\/span><\/p>\n<p><span style=\"font-size: 14pt;\">Das Zammadsystem erm\u00f6glicht sowohl uns als auch Ihnen eine \u00dcbersicht \u00fcber alle Ihre Ticketanfragen auf einem Dashboard. So haben Sie jederzeit einen aktuellen \u00dcberblick \u00fcber den Status Ihrer Tickets.<\/span><\/p>\n<\/div><\/div><div class=\"wpb_text_column\"><div class=\"wpb_wrapper\"><p><img loading=\"lazy\" decoding=\"async\" class=\"alignnone wp-image-8810\" src=\"https:\/\/mjr.gmbh\/wp-content\/uploads\/zammad_dashboard_initial_login.jpg\" alt=\"zammad dashboard mjr\" width=\"950\" height=\"589\" srcset=\"https:\/\/www.mjr.gmbh\/wp-content\/uploads\/zammad_dashboard_initial_login.jpg 2000w, https:\/\/www.mjr.gmbh\/wp-content\/uploads\/zammad_dashboard_initial_login-300x186.jpg 300w, https:\/\/www.mjr.gmbh\/wp-content\/uploads\/zammad_dashboard_initial_login-1024x634.jpg 1024w\" sizes=\"auto, (max-width: 950px) 100vw, 950px\" \/><\/p>\n<\/div><\/div><\/div><\/div><\/div><\/div><\/div><\/section><section class=\"l-section wpb_row height_medium\"><div class=\"l-section-h i-cf\"><div class=\"g-cols vc_row via_flex valign_top type_default stacking_default\"><div class=\"vc_col-sm-6 wpb_column vc_column_container\"><div class=\"vc_column-inner\"><div class=\"wpb_wrapper\"><div class=\"wpb_text_column\"><div class=\"wpb_wrapper\"><h2>Alternative: MS Teams oder TeamViewer<\/h2>\n<p><span style=\"font-size: 14pt;\">Alternativ betreuen wir Sie auch in <strong>Microsoft Teams<\/strong><br \/>\n<\/span><span style=\"font-size: 14pt;\">oder via <strong>TeamViewer<\/strong> direkt an Ihrem Arbeitsplatz.<br \/>\n<\/span><\/p>\n<p><span style=\"font-size: 14pt;\"><strong>Und so einfach geht es:<\/strong><\/span><\/p>\n<p><span style=\"font-size: 14pt;\">Mit einem Klick auf den blauen Button laden Sie den TeamViewer Support Client von unserem sicheren Server herunter. Speichern sie ihn in einem beliebigen Verzeichnis auf Ihrem Rechner &#8211; zum Beispiel auf dem Desktop, um stets schnell mit uns Verbindung aufnehmen zu k\u00f6nnen.<\/span><\/p>\n<\/div><\/div><div class=\"w-image align_none\"><a title=\"TeamViewer herunterladen\" target=\" _blank\" rel=\"nofollow\" href=\"https:\/\/get.teamviewer.com\/pkyazs3\" aria-label=\"TeamViewer Download Button\" class=\"w-image-h\"><img decoding=\"async\" width=\"234\" height=\"60\" src=\"https:\/\/www.mjr.gmbh\/wp-content\/uploads\/2019\/06\/teamviewer_download_de.png\" class=\"attachment-large size-large\" alt=\"\" loading=\"lazy\" \/><\/a><\/div><div class=\"wpb_text_column us_custom_3188818e\"><div class=\"wpb_wrapper\"><p><span style=\"font-size: 14pt;\">Starten Sie jetzt das Programm per Doppelklick &#8211; Sie sehen dann das folgende TeamViewer-Fenster wie rechts auf dem Bildschirm.<br \/>\n<\/span><\/p>\n<\/div><\/div><div class=\"wpb_text_column us_custom_3188818e\"><div class=\"wpb_wrapper\"><p>Wichtig f\u00fcr Sie: Unser Logo best\u00e4tigt Ihnen die Echtheit der herunter geladenen Datei. Beim Aufbau der Verbindung teilen Sie uns bitte die angezeigte ID und das Kennwort mit.<br \/>\nWir k\u00f6nnen nun direkt mit Ihnen zusammen an der L\u00f6sung Ihres Problems arbeiten. Nach Beenden der Verbindung haben wir selbstverst\u00e4ndlich keinen Zugriff mehr auf Ihren PC.<\/p>\n<\/div><\/div><\/div><\/div><\/div><div class=\"vc_col-sm-6 wpb_column vc_column_container\"><div class=\"vc_column-inner\"><div class=\"wpb_wrapper\"><div class=\"w-image us_custom_87045c92 align_none\"><div class=\"w-image-h\"><img decoding=\"async\" width=\"279\" height=\"115\" src=\"https:\/\/www.mjr.gmbh\/wp-content\/uploads\/tv_teams-image.jpg\" class=\"attachment-full size-full\" alt=\"\" loading=\"lazy\" \/><\/div><\/div><div class=\"w-image us_custom_af6a9b6a align_none\"><div class=\"w-image-h\"><img decoding=\"async\" width=\"272\" height=\"438\" src=\"https:\/\/www.mjr.gmbh\/wp-content\/uploads\/2019\/08\/teamviewer_screenshot_956.png\" class=\"attachment-large size-large\" alt=\"\" loading=\"lazy\" srcset=\"https:\/\/www.mjr.gmbh\/wp-content\/uploads\/2019\/08\/teamviewer_screenshot_956.png 272w, https:\/\/www.mjr.gmbh\/wp-content\/uploads\/2019\/08\/teamviewer_screenshot_956-186x300.png 186w\" sizes=\"auto, (max-width: 272px) 100vw, 272px\" \/><\/div><\/div><\/div><\/div><\/div><\/div><\/div><\/section>\n","protected":false},"excerpt":{"rendered":"MJR Support mit Zammad Schnelle Hilfe ist nur einen Klick entfernt: \u00d6ffnen Sie unser Zammadsystem unter dem bekannten Link und erstellen Sie uns ein Ticket. Den Zugang erstellen wir gerne auf Anfrage f\u00fcr Sie. Zugang anfragen Dieses Ticket wird im Anschluss schnellstm\u00f6glich Ihrem passenden Ansprechpartner zugeordnet, der Ihnen zeitnah mit Ihrem Anliegen weiterhelfen wird. Sollten...","protected":false},"author":18,"featured_media":0,"parent":0,"menu_order":0,"comment_status":"closed","ping_status":"closed","template":"","meta":{"_acf_changed":false,"footnotes":""},"class_list":["post-100","page","type-page","status-publish","hentry"],"acf":[],"yoast_head":"<!-- This site is optimized with the Yoast SEO plugin v27.5 - https:\/\/yoast.com\/product\/yoast-seo-wordpress\/ -->\n<title>Support - nur ein Klick zu unseren Experten<\/title>\n<meta name=\"description\" content=\"Hilfe ist nur einen Klick entfernt. Unsere Experten f\u00fcr Infor XA, Infor OS oder SAP Business ByDesign helfen Ihnen schnell und kompetent.\" \/>\n<meta name=\"robots\" content=\"index, follow, max-snippet:-1, max-image-preview:large, max-video-preview:-1\" \/>\n<link rel=\"canonical\" href=\"https:\/\/www.mjr.gmbh\/fr\/support\/\" \/>\n<meta property=\"og:locale\" content=\"fr_FR\" \/>\n<meta property=\"og:type\" content=\"article\" \/>\n<meta property=\"og:title\" content=\"Support - nur ein Klick zu unseren Experten\" \/>\n<meta property=\"og:description\" content=\"Hilfe ist nur einen Klick entfernt. Unsere Experten f\u00fcr Infor XA, Infor OS oder SAP Business ByDesign helfen Ihnen schnell und kompetent.\" \/>\n<meta property=\"og:url\" content=\"https:\/\/www.mjr.gmbh\/fr\/support\/\" \/>\n<meta property=\"og:site_name\" content=\"MJR GmbH\" \/>\n<meta property=\"article:publisher\" content=\"https:\/\/www.facebook.com\/mjr.gmbh\" \/>\n<meta property=\"article:modified_time\" content=\"2023-03-17T07:00:40+00:00\" \/>\n<meta property=\"og:image\" content=\"https:\/\/mjr.gmbh\/wp-content\/uploads\/zammad_dashboard_initial_login.jpg\" \/>\n<meta name=\"twitter:card\" content=\"summary_large_image\" \/>\n<meta name=\"twitter:label1\" content=\"Dur\u00e9e de lecture estim\u00e9e\" \/>\n\t<meta name=\"twitter:data1\" content=\"2 minutes\" \/>\n<script type=\"application\/ld+json\" class=\"yoast-schema-graph\">{\"@context\":\"https:\\\/\\\/schema.org\",\"@graph\":[{\"@type\":\"WebPage\",\"@id\":\"https:\\\/\\\/www.mjr.gmbh\\\/fr\\\/support\\\/\",\"url\":\"https:\\\/\\\/www.mjr.gmbh\\\/fr\\\/support\\\/\",\"name\":\"Support - nur ein Klick zu unseren Experten\",\"isPartOf\":{\"@id\":\"https:\\\/\\\/www.mjr.gmbh\\\/fr\\\/#website\"},\"primaryImageOfPage\":{\"@id\":\"https:\\\/\\\/www.mjr.gmbh\\\/fr\\\/support\\\/#primaryimage\"},\"image\":{\"@id\":\"https:\\\/\\\/www.mjr.gmbh\\\/fr\\\/support\\\/#primaryimage\"},\"thumbnailUrl\":\"https:\\\/\\\/mjr.gmbh\\\/wp-content\\\/uploads\\\/zammad_dashboard_initial_login.jpg\",\"datePublished\":\"2019-05-31T16:40:57+00:00\",\"dateModified\":\"2023-03-17T07:00:40+00:00\",\"description\":\"Hilfe ist nur einen Klick entfernt. Unsere Experten f\u00fcr Infor XA, Infor OS oder SAP Business ByDesign helfen Ihnen schnell und kompetent.\",\"breadcrumb\":{\"@id\":\"https:\\\/\\\/www.mjr.gmbh\\\/fr\\\/support\\\/#breadcrumb\"},\"inLanguage\":\"fr-FR\",\"potentialAction\":[{\"@type\":\"ReadAction\",\"target\":[\"https:\\\/\\\/www.mjr.gmbh\\\/fr\\\/support\\\/\"]}]},{\"@type\":\"ImageObject\",\"inLanguage\":\"fr-FR\",\"@id\":\"https:\\\/\\\/www.mjr.gmbh\\\/fr\\\/support\\\/#primaryimage\",\"url\":\"https:\\\/\\\/mjr.gmbh\\\/wp-content\\\/uploads\\\/zammad_dashboard_initial_login.jpg\",\"contentUrl\":\"https:\\\/\\\/mjr.gmbh\\\/wp-content\\\/uploads\\\/zammad_dashboard_initial_login.jpg\"},{\"@type\":\"BreadcrumbList\",\"@id\":\"https:\\\/\\\/www.mjr.gmbh\\\/fr\\\/support\\\/#breadcrumb\",\"itemListElement\":[{\"@type\":\"ListItem\",\"position\":1,\"name\":\"Startseite\",\"item\":\"https:\\\/\\\/www.mjr.gmbh\\\/fr\\\/\"},{\"@type\":\"ListItem\",\"position\":2,\"name\":\"Unser Support hilft weiter\"}]},{\"@type\":\"WebSite\",\"@id\":\"https:\\\/\\\/www.mjr.gmbh\\\/fr\\\/#website\",\"url\":\"https:\\\/\\\/www.mjr.gmbh\\\/fr\\\/\",\"name\":\"MJR GmbH\",\"description\":\"MJR GmbH - Digitalisierung f\u00fcr den Mittelstand\",\"publisher\":{\"@id\":\"https:\\\/\\\/www.mjr.gmbh\\\/fr\\\/#organization\"},\"potentialAction\":[{\"@type\":\"SearchAction\",\"target\":{\"@type\":\"EntryPoint\",\"urlTemplate\":\"https:\\\/\\\/www.mjr.gmbh\\\/fr\\\/?s={search_term_string}\"},\"query-input\":{\"@type\":\"PropertyValueSpecification\",\"valueRequired\":true,\"valueName\":\"search_term_string\"}}],\"inLanguage\":\"fr-FR\"},{\"@type\":\"Organization\",\"@id\":\"https:\\\/\\\/www.mjr.gmbh\\\/fr\\\/#organization\",\"name\":\"MJR GmbH\",\"url\":\"https:\\\/\\\/www.mjr.gmbh\\\/fr\\\/\",\"logo\":{\"@type\":\"ImageObject\",\"inLanguage\":\"fr-FR\",\"@id\":\"https:\\\/\\\/www.mjr.gmbh\\\/fr\\\/#\\\/schema\\\/logo\\\/image\\\/\",\"url\":\"\",\"contentUrl\":\"\",\"caption\":\"MJR GmbH\"},\"image\":{\"@id\":\"https:\\\/\\\/www.mjr.gmbh\\\/fr\\\/#\\\/schema\\\/logo\\\/image\\\/\"},\"sameAs\":[\"https:\\\/\\\/www.facebook.com\\\/mjr.gmbh\",\"https:\\\/\\\/www.instagram.com\\\/mjrgmbh\",\"https:\\\/\\\/www.linkedin.com\\\/company\\\/mjrgmbh\\\/\",\"https:\\\/\\\/www.youtube.com\\\/channel\\\/UCodd4EtgS-12wppUPRXK8QA\"]}]}<\/script>\n<!-- \/ Yoast SEO plugin. -->","yoast_head_json":{"title":"Support - nur ein Klick zu unseren Experten","description":"Hilfe ist nur einen Klick entfernt. Unsere Experten f\u00fcr Infor XA, Infor OS oder SAP Business ByDesign helfen Ihnen schnell und kompetent.","robots":{"index":"index","follow":"follow","max-snippet":"max-snippet:-1","max-image-preview":"max-image-preview:large","max-video-preview":"max-video-preview:-1"},"canonical":"https:\/\/www.mjr.gmbh\/fr\/support\/","og_locale":"fr_FR","og_type":"article","og_title":"Support - nur ein Klick zu unseren Experten","og_description":"Hilfe ist nur einen Klick entfernt. Unsere Experten f\u00fcr Infor XA, Infor OS oder SAP Business ByDesign helfen Ihnen schnell und kompetent.","og_url":"https:\/\/www.mjr.gmbh\/fr\/support\/","og_site_name":"MJR GmbH","article_publisher":"https:\/\/www.facebook.com\/mjr.gmbh","article_modified_time":"2023-03-17T07:00:40+00:00","og_image":[{"url":"https:\/\/mjr.gmbh\/wp-content\/uploads\/zammad_dashboard_initial_login.jpg","type":"","width":"","height":""}],"twitter_card":"summary_large_image","twitter_misc":{"Dur\u00e9e de lecture estim\u00e9e":"2 minutes"},"schema":{"@context":"https:\/\/schema.org","@graph":[{"@type":"WebPage","@id":"https:\/\/www.mjr.gmbh\/fr\/support\/","url":"https:\/\/www.mjr.gmbh\/fr\/support\/","name":"Support - nur ein Klick zu unseren Experten","isPartOf":{"@id":"https:\/\/www.mjr.gmbh\/fr\/#website"},"primaryImageOfPage":{"@id":"https:\/\/www.mjr.gmbh\/fr\/support\/#primaryimage"},"image":{"@id":"https:\/\/www.mjr.gmbh\/fr\/support\/#primaryimage"},"thumbnailUrl":"https:\/\/mjr.gmbh\/wp-content\/uploads\/zammad_dashboard_initial_login.jpg","datePublished":"2019-05-31T16:40:57+00:00","dateModified":"2023-03-17T07:00:40+00:00","description":"Hilfe ist nur einen Klick entfernt. Unsere Experten f\u00fcr Infor XA, Infor OS oder SAP Business ByDesign helfen Ihnen schnell und kompetent.","breadcrumb":{"@id":"https:\/\/www.mjr.gmbh\/fr\/support\/#breadcrumb"},"inLanguage":"fr-FR","potentialAction":[{"@type":"ReadAction","target":["https:\/\/www.mjr.gmbh\/fr\/support\/"]}]},{"@type":"ImageObject","inLanguage":"fr-FR","@id":"https:\/\/www.mjr.gmbh\/fr\/support\/#primaryimage","url":"https:\/\/mjr.gmbh\/wp-content\/uploads\/zammad_dashboard_initial_login.jpg","contentUrl":"https:\/\/mjr.gmbh\/wp-content\/uploads\/zammad_dashboard_initial_login.jpg"},{"@type":"BreadcrumbList","@id":"https:\/\/www.mjr.gmbh\/fr\/support\/#breadcrumb","itemListElement":[{"@type":"ListItem","position":1,"name":"Startseite","item":"https:\/\/www.mjr.gmbh\/fr\/"},{"@type":"ListItem","position":2,"name":"Unser Support hilft weiter"}]},{"@type":"WebSite","@id":"https:\/\/www.mjr.gmbh\/fr\/#website","url":"https:\/\/www.mjr.gmbh\/fr\/","name":"MJR GmbH","description":"MJR GmbH - Digitalisierung f\u00fcr den Mittelstand","publisher":{"@id":"https:\/\/www.mjr.gmbh\/fr\/#organization"},"potentialAction":[{"@type":"SearchAction","target":{"@type":"EntryPoint","urlTemplate":"https:\/\/www.mjr.gmbh\/fr\/?s={search_term_string}"},"query-input":{"@type":"PropertyValueSpecification","valueRequired":true,"valueName":"search_term_string"}}],"inLanguage":"fr-FR"},{"@type":"Organization","@id":"https:\/\/www.mjr.gmbh\/fr\/#organization","name":"MJR GmbH","url":"https:\/\/www.mjr.gmbh\/fr\/","logo":{"@type":"ImageObject","inLanguage":"fr-FR","@id":"https:\/\/www.mjr.gmbh\/fr\/#\/schema\/logo\/image\/","url":"","contentUrl":"","caption":"MJR GmbH"},"image":{"@id":"https:\/\/www.mjr.gmbh\/fr\/#\/schema\/logo\/image\/"},"sameAs":["https:\/\/www.facebook.com\/mjr.gmbh","https:\/\/www.instagram.com\/mjrgmbh","https:\/\/www.linkedin.com\/company\/mjrgmbh\/","https:\/\/www.youtube.com\/channel\/UCodd4EtgS-12wppUPRXK8QA"]}]}},"_links":{"self":[{"href":"https:\/\/www.mjr.gmbh\/fr\/wp-json\/wp\/v2\/pages\/100","targetHints":{"allow":["GET"]}}],"collection":[{"href":"https:\/\/www.mjr.gmbh\/fr\/wp-json\/wp\/v2\/pages"}],"about":[{"href":"https:\/\/www.mjr.gmbh\/fr\/wp-json\/wp\/v2\/types\/page"}],"author":[{"embeddable":true,"href":"https:\/\/www.mjr.gmbh\/fr\/wp-json\/wp\/v2\/users\/18"}],"replies":[{"embeddable":true,"href":"https:\/\/www.mjr.gmbh\/fr\/wp-json\/wp\/v2\/comments?post=100"}],"version-history":[{"count":0,"href":"https:\/\/www.mjr.gmbh\/fr\/wp-json\/wp\/v2\/pages\/100\/revisions"}],"wp:attachment":[{"href":"https:\/\/www.mjr.gmbh\/fr\/wp-json\/wp\/v2\/media?parent=100"}],"curies":[{"name":"wp","href":"https:\/\/api.w.org\/{rel}","templated":true}]}}