{"id":12305,"date":"2023-07-11T14:37:27","date_gmt":"2023-07-11T12:37:27","guid":{"rendered":"https:\/\/mjr.gmbh\/?page_id=12305"},"modified":"2023-07-21T06:54:18","modified_gmt":"2023-07-21T04:54:18","slug":"contactez-nous","status":"publish","type":"page","link":"https:\/\/www.mjr.gmbh\/fr\/contactez-nous\/","title":{"rendered":"Contactez-nous"},"content":{"rendered":"<section class=\"l-section wpb_row height_medium\" id=\"kontakt\"><div class=\"l-section-h i-cf\"><div class=\"g-cols vc_row via_flex valign_top type_default reversed stacking_default\"><div class=\"vc_col-sm-8 wpb_column vc_column_container\"><div class=\"vc_column-inner\"><div class=\"wpb_wrapper\"><div class=\"wpb_text_column\"><div class=\"wpb_wrapper\"><h3>Que pouvons-nous faire pour vous?<\/h3>\n<p>Utilisez simplement notre formulaire de contact. Nous vous contacterons le plus rapidement possible.<\/p>\n<\/div><\/div>\n<div class=\"wpcf7 no-js\" id=\"wpcf7-f12590-o1\" lang=\"de-DE\" dir=\"ltr\" data-wpcf7-id=\"12590\">\n<div class=\"screen-reader-response\"><p role=\"status\" aria-live=\"polite\" aria-atomic=\"true\"><\/p> <ul><\/ul><\/div>\n<form action=\"\/fr\/wp-json\/wp\/v2\/pages\/12305#wpcf7-f12590-o1\" method=\"post\" class=\"wpcf7-form init\" aria-label=\"Kontaktformular\" novalidate=\"novalidate\" data-status=\"init\">\n<fieldset class=\"hidden-fields-container\"><input type=\"hidden\" name=\"_wpcf7\" value=\"12590\" \/><input type=\"hidden\" name=\"_wpcf7_version\" value=\"6.1.5\" \/><input type=\"hidden\" name=\"_wpcf7_locale\" value=\"de_DE\" \/><input type=\"hidden\" name=\"_wpcf7_unit_tag\" value=\"wpcf7-f12590-o1\" \/><input type=\"hidden\" name=\"_wpcf7_container_post\" value=\"0\" \/><input type=\"hidden\" name=\"_wpcf7_posted_data_hash\" value=\"\" \/>\n<\/fieldset>\n<p><span class=\"wpcf7-form-control-wrap\" data-name=\"your-name\"><input size=\"40\" maxlength=\"400\" class=\"wpcf7-form-control wpcf7-text wpcf7-validates-as-required\" aria-required=\"true\" aria-invalid=\"false\" placeholder=\"Nom\" value=\"\" type=\"text\" name=\"your-name\" \/><\/span>\n<\/p>\n<p><span class=\"wpcf7-form-control-wrap\" data-name=\"email\"><input size=\"40\" maxlength=\"400\" class=\"wpcf7-form-control wpcf7-email wpcf7-validates-as-required wpcf7-text wpcf7-validates-as-email\" aria-required=\"true\" aria-invalid=\"false\" placeholder=\"Adresse \u00e9lectronique\" value=\"\" type=\"email\" name=\"email\" \/><\/span>\n<\/p>\n<p><span class=\"wpcf7-form-control-wrap\" data-name=\"about\"><input size=\"40\" maxlength=\"400\" class=\"wpcf7-form-control wpcf7-text\" aria-invalid=\"false\" placeholder=\"Sujet\" value=\"\" type=\"text\" name=\"about\" \/><\/span>\n<\/p>\n<p><span class=\"wpcf7-form-control-wrap\" data-name=\"message\"><textarea cols=\"40\" rows=\"10\" maxlength=\"2000\" class=\"wpcf7-form-control wpcf7-textarea wpcf7-validates-as-required\" aria-required=\"true\" aria-invalid=\"false\" placeholder=\"Votre message\" name=\"message\"><\/textarea><\/span>\n<\/p>\n<p><span class=\"wpcf7-form-control-wrap\" data-name=\"acceptance-standard\"><span class=\"wpcf7-form-control wpcf7-acceptance\"><span class=\"wpcf7-list-item\"><label><input type=\"checkbox\" name=\"acceptance-standard\" value=\"1\" aria-invalid=\"false\" \/><span class=\"wpcf7-list-item-label\">J'accepte que les donn\u00e9es figurant dans le formulaire de contact soient collect\u00e9es et trait\u00e9es pour r\u00e9pondre \u00e0 ma demande. Les donn\u00e9es seront supprim\u00e9es une fois le traitement de votre demande termin\u00e9. Remarque : vous pouvez \u00e0 tout moment r\u00e9voquer votre consentement pour l'avenir en envoyant un courrier \u00e9lectronique \u00e0 kontakt@mjr.gmbh. Vous trouverez des informations sur le traitement des donn\u00e9es des utilisateurs dans notre site <a title=\"Protection des donn\u00e9es\" href=\"\/fr\/declaration-de-confidentialite\/\"  target=\"_blank\">D\u00e9claration de confidentialit\u00e9<\/a>.<\/span><\/label><\/span><\/span><\/span>\n<\/p>\n<p><span id=\"wpcf7-69e08c980ba4c-wrapper\" class=\"wpcf7-form-control-wrap honeypot-977-wrap\" style=\"display:none !important; visibility:hidden !important;\"><label for=\"wpcf7-69e08c980ba4c-field\" class=\"hp-message\">Bitte lasse dieses Feld leer.<\/label><input id=\"wpcf7-69e08c980ba4c-field\"  class=\"wpcf7-form-control wpcf7-text\" type=\"text\" name=\"honeypot-977\" value=\"\" size=\"40\" tabindex=\"-1\" autocomplete=\"new-password\" \/><\/span>\n<\/p>\n<p><input class=\"wpcf7-form-control wpcf7-submit has-spinner cf7cntcbtn\" id=\"submit\" type=\"submit\" value=\"Envoyer un message\" \/>\n<\/p><input type=\"text\" name=\"tTRKv\" value=\"\" style=\"display: none !important;\" \/><div class=\"wpcf7-response-output\" aria-hidden=\"true\"><\/div>\n<\/form>\n<\/div>\n<\/div><\/div><\/div><div class=\"vc_col-sm-4 wpb_column vc_column_container\"><div class=\"vc_column-inner\"><div class=\"wpb_wrapper\"><div class=\"g-cols wpb_row via_flex valign_top type_default stacking_default\"><div class=\"vc_col-sm-12 wpb_column vc_column_container has_bg_color\"><div class=\"vc_column-inner us_custom_71d68e9d\"><div class=\"wpb_wrapper\"><div class=\"wpb_text_column\"><div class=\"wpb_wrapper\"><h3>Coordonn\u00e9es<\/h3>\n<\/div><\/div><div class=\"w-iconbox iconpos_left style_default color_primary align_left no_text\"><a title=\"Jetzt anrufen!\" href=\"tel:+4970438069690\" class=\"w-iconbox-link\" aria-label=\"+49 (0) 7043 8069690\"><div class=\"w-iconbox-icon\" style=\"font-size:28px;\"><i class=\"fas fa-phone\"><\/i><\/div><\/a><div class=\"w-iconbox-meta\"><p class=\"w-iconbox-title\" style=\"font-size:18px;\"><a title=\"Jetzt anrufen!\" href=\"tel:+4970438069690\" class=\"w-iconbox-link\" aria-label=\"+49 (0) 7043 8069690\">+49 (0) 7043 8069690<\/a><\/p><\/div><\/div><div class=\"w-iconbox us_custom_b4495e87 iconpos_left style_default color_primary align_left no_text\"><a title=\"E-Mail senden\" href=\"mailto:kontakt@mjr.gmbh\" class=\"w-iconbox-link\" aria-label=\"kontakt@mjr.gmbh\"><div class=\"w-iconbox-icon\" style=\"font-size:28px;\"><i class=\"fas fa-envelope\"><\/i><\/div><\/a><div class=\"w-iconbox-meta\"><p class=\"w-iconbox-title\" style=\"font-size:18px;\"><a title=\"E-Mail senden\" href=\"mailto:kontakt@mjr.gmbh\" class=\"w-iconbox-link\" aria-label=\"kontakt@mjr.gmbh\">kontakt@mjr.gmbh<\/a><\/p><\/div><\/div><div class=\"wpb_text_column us_custom_b4495e87\"><div class=\"wpb_wrapper\"><h3>Adresse<\/h3>\n<\/div><\/div><div class=\"w-iconbox iconpos_left style_default color_primary align_left no_text\"><a title=\"Zur Navigation mit Google Maps\" target=\" _blank\" rel=\"nofollow\" href=\"https:\/\/goo.gl\/maps\/ko7SxbByQeUdm63E8\" class=\"w-iconbox-link\" aria-label=\"Stuttgarter Stra\u00dfe 10, 75438 Knittlingen\"><div class=\"w-iconbox-icon\" style=\"font-size:28px;\"><i class=\"fas fa-map-pin\"><\/i><\/div><\/a><div class=\"w-iconbox-meta\"><p class=\"w-iconbox-title\" style=\"font-size:18px;\"><a title=\"Zur Navigation mit Google Maps\" target=\" _blank\" rel=\"nofollow\" href=\"https:\/\/goo.gl\/maps\/ko7SxbByQeUdm63E8\" class=\"w-iconbox-link\" aria-label=\"Stuttgarter Stra\u00dfe 10, 75438 Knittlingen\">Stuttgarter Stra\u00dfe 10, 75438 Knittlingen<\/a><\/p><\/div><\/div><\/div><\/div><\/div><\/div><\/div><\/div><\/div><\/div><\/div><\/section><section class=\"l-section wpb_row height_small color_alternate\" id=\"anfahrt\"><div class=\"l-section-h i-cf\"><div class=\"g-cols vc_row via_flex valign_top type_default stacking_default\"><div class=\"vc_col-sm-12 wpb_column vc_column_container\"><div class=\"vc_column-inner\"><div class=\"wpb_wrapper\"><div class=\"wpb_text_column\"><div class=\"wpb_wrapper\"><h2>Trajet<\/h2>\n<\/div><\/div><\/div><\/div><\/div><\/div><\/div><\/section><section class=\"l-section wpb_row height_medium\"><div class=\"l-section-h i-cf\"><div class=\"g-cols vc_row via_flex valign_top type_default stacking_default\"><div class=\"vc_col-sm-8 wpb_column vc_column_container\"><div class=\"vc_column-inner\"><div class=\"wpb_wrapper\"><div class='ult_hotspot_container ult-adjust-bottom-margin ult-hotspot-tooltip-wrapper ' style=>  <img class='ult_hotspot_image' src=https:\/\/www.mjr.gmbh\/wp-content\/uploads\/2019\/06\/mjr-open-street-map.jpg alt='null'\/>     <div class='utl-hotspot-items ult-hotspot-item'><div class='ult-hotspot-item  ' style='top:-webkit-calc(56.36029411764706% - 32px);top:-moz-calc(56.36029411764706% - 32px);top:calc(56.36029411764706% - 32px);left: -webkit-calc(40.94903339191564% - 32px);left: -moz-calc(40.94903339191564% - 32px);left: calc(40.94903339191564% - 32px);' >  <div style='z-index: 39;position: relative;'>   <a data-link_style='tootip' data-mycust-id=\"hotspot-tooltip-2511\"  data-ultimate-target='#hotspot-tooltip-2511 .ult-tooltipster-content'  data-responsive-json-new='{\"font-size\":\"\",\"line-height\":\"\"}' data-tooltip-content-style=\"width:300px;\"data-tooltip-base-style=\"background-color:#ffffff;color:#4c4c4c;\" data-bubble-arrow=\"true\" data-tooltip-offsety=\"32\" class='ult-tooltipstered ult-hotspot-tooltip' href='#' data-status='show'><div class=\"ult-just-icon-wrapper  \"><div class=\"align-icon\" style=\"text-align:center;\">\n<div class=\"aio-icon  \"  style=\"color:#bc0a24;font-size:64px;display:inline-block;\">\n\t<i class=\"Defaults-map-marker\"><\/i>\n<\/div><\/div><\/div><span class='hotspot-tooltip-content'>&lt;a href=&#039;https:\/\/www.openstreetmap.org\/search?query=Stuttgarter%20Stra%C3%9Fe%2010%2075438%20knittlingen#map=19\/49.02403\/8.76071&#039; target=&#039;_blank&#039; rel=&#039;noopener noreferrer&#039;&gt;B\u00fcro MJR GmbH&lt;\/a&gt;<\/span>  <\/a> <\/div><!-- ICON WRAP --> <div class='ult-glow' ><\/div><\/div><div class='ult-hotspot-item  ' style='top:-webkit-calc(66.23161764705883% - 20px);top:-moz-calc(66.23161764705883% - 20px);top:calc(66.23161764705883% - 20px);left: -webkit-calc(33.567662565905096% - 20px);left: -moz-calc(33.567662565905096% - 20px);left: calc(33.567662565905096% - 20px);' >  <div style='z-index: 39;position: relative;'>   <a data-link_style='tootip' data-mycust-id=\"hotspot-tooltip-3656\"  data-ultimate-target='#hotspot-tooltip-3656 .ult-tooltipster-content'  data-responsive-json-new='{\"font-size\":\"\",\"line-height\":\"\"}' data-tooltip-content-style=\"width:300px;\"data-tooltip-base-style=\"background-color:#ffffff;color:#4c4c4c;\" data-bubble-arrow=\"true\" data-tooltip-offsety=\"20\" class='ult-tooltipstered ult-hotspot-tooltip' href='#' data-status='show'><div class=\"ult-just-icon-wrapper  \"><div class=\"align-icon\" style=\"text-align:center;\">\n<div class=\"aio-icon  \"  style=\"color:#bc0a24;font-size:40px;display:inline-block;\">\n\t<i class=\"Defaults-map-marker\"><\/i>\n<\/div><\/div><\/div><span class='hotspot-tooltip-content'>Parkplatz<\/span>  <\/a> <\/div><!-- ICON WRAP --><\/div>\n<\/div>     <div style='color:#000;' data-image='    '><\/div><\/div><div class=\"wpb_text_column\"><div class=\"wpb_wrapper\"><p>Source Carte: <a href=\"https:\/\/www.openstreetmap.org\/search?query=Stuttgarter%20Stra%C3%9Fe%2010%2075438%20knittlingen#map=19\/49.02403\/8.76071\" target=\"_blank\" rel=\"noopener noreferrer\">OpenStreetMap.org<\/a><\/p>\n<\/div><\/div><\/div><\/div><\/div><div class=\"vc_col-sm-4 wpb_column vc_column_container\"><div class=\"vc_column-inner\"><div class=\"wpb_wrapper\"><div class=\"wpb_text_column\"><div class=\"wpb_wrapper\"><h3>Comment nous trouver<\/h3>\n<p>Vous trouverez notre bureau \u00e0 Knittlingen \u00e0 l&rsquo;adresse suivante:<\/p>\n<p><strong>Stuttgarter Stra\u00dfe 10<\/strong><br \/>\n<strong>75438 Knittlingen<\/strong><\/p>\n<p style=\"text-align: left;\">Si vous avez des questions sur l&rsquo;acc\u00e8s, vous pouvez nous joindre par t\u00e9l\u00e9phone au <a href=\"tel:+4970438069690\" rel=\"noopener noreferrer\">07043 \/ 8069690<\/a> ou via le formulaire de contact.<\/p>\n<\/div><\/div><div class=\"w-btn-wrapper align_justify\"><a class=\"w-btn us-btn-style_1 icon_atleft\" title=\"Zur Navigation via OpenStreetMap\" target=\" _blank\" rel=\"nofollow\" href=\"https:\/\/www.openstreetmap.org\/search?query=Stuttgarter Stra\u00dfe 10 75438 knittlingen#map=19\/49.02403\/8.76071\"><i class=\"fas fa-directions\"><\/i><span class=\"w-btn-label\">Navigation: OpenStreetMap<\/span><\/a><\/div><div class=\"w-btn-wrapper align_justify\"><a class=\"w-btn us-btn-style_1 icon_atleft\" title=\"Zur Navigation via Google Maps\" target=\" _blank\" rel=\"nofollow\" href=\"https:\/\/goo.gl\/maps\/6n2vGN9dpYgMVFFp9\"><i class=\"fas fa-directions\"><\/i><span class=\"w-btn-label\">Navigation: Google Maps<\/span><\/a><\/div><div class=\"wpb_text_column us_custom_8a4e9bbe\"><div class=\"wpb_wrapper\"><h3>Parking<\/h3>\n<p>Cinq places de parking sont \u00e0 la disposition des visiteurs \u00e0 l&rsquo;arri\u00e8re du b\u00e2timent. Acc\u00e8s par la Lindenstra\u00dfe.<\/p>\n<\/div><\/div><\/div><\/div><\/div><\/div><\/div><\/section><section class=\"l-section wpb_row height_medium\"><div class=\"l-section-h i-cf\"><div class=\"g-cols vc_row via_flex valign_top type_default stacking_default\"><div class=\"vc_col-sm-12 wpb_column vc_column_container\"><div class=\"vc_column-inner\"><div class=\"wpb_wrapper\"><\/div><\/div><\/div><\/div><\/div><\/section><section class=\"l-section wpb_row height_medium\"><div class=\"l-section-h i-cf\"><div class=\"g-cols vc_row via_flex valign_top type_default stacking_default\"><div class=\"vc_col-sm-12 wpb_column vc_column_container\"><div class=\"vc_column-inner\"><div class=\"wpb_wrapper\">[vc_raw_js]JTNDJTIxLS0lMjBFdmVudCUyMHNuaXBwZXQlMjBmb3IlMjBLb250YWt0JTIwY29udmVyc2lvbiUyMHBhZ2UlMEFJbiUyMHlvdXIlMjBodG1sJTIwcGFnZSUyQyUyMGFkZCUyMHRoZSUyMHNuaXBwZXQlMjBhbmQlMjBjYWxsJTIwZ3RhZ19yZXBvcnRfY29udmVyc2lvbiUyMHdoZW4lMjBzb21lb25lJTIwY2xpY2tzJTIwb24lMjB0aGUlMjBjaG9zZW4lMjBsaW5rJTIwb3IlMjBidXR0b24uJTIwLS0lM0UlMEElM0NzY3JpcHQlM0UlMEFmdW5jdGlvbiUyMGd0YWdfcmVwb3J0X2NvbnZlcnNpb24lMjh1cmwlMjklMjAlN0IlMEElMjAlMjB2YXIlMjBjYWxsYmFjayUyMCUzRCUyMGZ1bmN0aW9uJTIwJTI4JTI5JTIwJTdCJTBBJTIwJTIwJTIwJTIwaWYlMjAlMjh0eXBlb2YlMjh1cmwlMjklMjAlMjElM0QlMjAlMjd1bmRlZmluZWQlMjclMjklMjAlN0IlMEElMjAlMjAlMjAlMjAlMjAlMjB3aW5kb3cubG9jYXRpb24lMjAlM0QlMjB1cmwlM0IlMEElMjAlMjAlMjAlMjAlN0QlMEElMjAlMjAlN0QlM0IlMEElMjAlMjBndGFnJTI4JTI3ZXZlbnQlMjclMkMlMjAlMjdjb252ZXJzaW9uJTI3JTJDJTIwJTdCJTBBJTIwJTIwJTIwJTIwJTIwJTIwJTI3c2VuZF90byUyNyUzQSUyMCUyN0FXLTY5MDk1NTk4MyUyRmloUkFDSjdRdnFZREVNX052TWtDJTI3JTJDJTBBJTIwJTIwJTIwJTIwJTIwJTIwJTI3ZXZlbnRfY2FsbGJhY2slMjclM0ElMjBjYWxsYmFjayUwQSUyMCUyMCU3RCUyOSUzQiUwQSUyMCUyMHJldHVybiUyMGZhbHNlJTNCJTBBJTdEJTBBJTNDJTJGc2NyaXB0JTNFJTBB[\/vc_raw_js]<\/div><\/div><\/div><\/div><\/div><\/section>\n","protected":false},"excerpt":{"rendered":"Que pouvons-nous faire pour vous? Utilisez simplement notre formulaire de contact. Nous vous contacterons le plus rapidement possible. J'accepte que les donn\u00e9es figurant dans le formulaire de contact soient collect\u00e9es et trait\u00e9es pour r\u00e9pondre \u00e0 ma demande. Les donn\u00e9es seront supprim\u00e9es une fois le traitement de votre demande termin\u00e9. Remarque : vous pouvez \u00e0 tout...","protected":false},"author":18,"featured_media":0,"parent":0,"menu_order":0,"comment_status":"closed","ping_status":"closed","template":"","meta":{"_acf_changed":false,"footnotes":""},"class_list":["post-12305","page","type-page","status-publish","hentry"],"acf":[],"yoast_head":"<!-- This site is optimized with the Yoast SEO plugin v27.4 - https:\/\/yoast.com\/product\/yoast-seo-wordpress\/ -->\n<title>Contactez-nous - MJR GmbH<\/title>\n<meta name=\"description\" content=\"Contactez-nous pour toute question et utilisez simplement notre formulair de contact \ud83d\udcddNous vous contacterons le plus rapidement possible.\" \/>\n<meta name=\"robots\" content=\"index, follow, max-snippet:-1, max-image-preview:large, max-video-preview:-1\" \/>\n<link rel=\"canonical\" href=\"https:\/\/www.mjr.gmbh\/fr\/contactez-nous\/\" \/>\n<meta property=\"og:locale\" content=\"fr_FR\" \/>\n<meta property=\"og:type\" content=\"article\" \/>\n<meta property=\"og:title\" content=\"Contactez-nous - MJR GmbH\" \/>\n<meta property=\"og:description\" content=\"Contactez-nous pour toute question et utilisez simplement notre formulair de contact \ud83d\udcddNous vous contacterons le plus rapidement possible.\" \/>\n<meta property=\"og:url\" content=\"https:\/\/www.mjr.gmbh\/fr\/contactez-nous\/\" \/>\n<meta property=\"og:site_name\" content=\"MJR GmbH\" \/>\n<meta property=\"article:publisher\" content=\"https:\/\/www.facebook.com\/mjr.gmbh\" \/>\n<meta property=\"article:modified_time\" content=\"2023-07-21T04:54:18+00:00\" \/>\n<meta name=\"twitter:card\" content=\"summary_large_image\" \/>\n<meta name=\"twitter:label1\" content=\"Dur\u00e9e de lecture estim\u00e9e\" \/>\n\t<meta name=\"twitter:data1\" content=\"1 minute\" \/>\n<script type=\"application\/ld+json\" class=\"yoast-schema-graph\">{\"@context\":\"https:\\\/\\\/schema.org\",\"@graph\":[{\"@type\":\"WebPage\",\"@id\":\"https:\\\/\\\/www.mjr.gmbh\\\/fr\\\/contactez-nous\\\/\",\"url\":\"https:\\\/\\\/www.mjr.gmbh\\\/fr\\\/contactez-nous\\\/\",\"name\":\"Contactez-nous - MJR GmbH\",\"isPartOf\":{\"@id\":\"https:\\\/\\\/www.mjr.gmbh\\\/fr\\\/#website\"},\"datePublished\":\"2023-07-11T12:37:27+00:00\",\"dateModified\":\"2023-07-21T04:54:18+00:00\",\"description\":\"Contactez-nous pour toute question et utilisez simplement notre formulair de contact \ud83d\udcddNous vous contacterons le plus rapidement possible.\",\"breadcrumb\":{\"@id\":\"https:\\\/\\\/www.mjr.gmbh\\\/fr\\\/contactez-nous\\\/#breadcrumb\"},\"inLanguage\":\"fr-FR\",\"potentialAction\":[{\"@type\":\"ReadAction\",\"target\":[\"https:\\\/\\\/www.mjr.gmbh\\\/fr\\\/contactez-nous\\\/\"]}]},{\"@type\":\"BreadcrumbList\",\"@id\":\"https:\\\/\\\/www.mjr.gmbh\\\/fr\\\/contactez-nous\\\/#breadcrumb\",\"itemListElement\":[{\"@type\":\"ListItem\",\"position\":1,\"name\":\"Startseite\",\"item\":\"https:\\\/\\\/www.mjr.gmbh\\\/fr\\\/\"},{\"@type\":\"ListItem\",\"position\":2,\"name\":\"Contactez-nous\"}]},{\"@type\":\"WebSite\",\"@id\":\"https:\\\/\\\/www.mjr.gmbh\\\/fr\\\/#website\",\"url\":\"https:\\\/\\\/www.mjr.gmbh\\\/fr\\\/\",\"name\":\"MJR GmbH\",\"description\":\"MJR GmbH - Digitalisierung f\u00fcr den Mittelstand\",\"publisher\":{\"@id\":\"https:\\\/\\\/www.mjr.gmbh\\\/fr\\\/#organization\"},\"potentialAction\":[{\"@type\":\"SearchAction\",\"target\":{\"@type\":\"EntryPoint\",\"urlTemplate\":\"https:\\\/\\\/www.mjr.gmbh\\\/fr\\\/?s={search_term_string}\"},\"query-input\":{\"@type\":\"PropertyValueSpecification\",\"valueRequired\":true,\"valueName\":\"search_term_string\"}}],\"inLanguage\":\"fr-FR\"},{\"@type\":\"Organization\",\"@id\":\"https:\\\/\\\/www.mjr.gmbh\\\/fr\\\/#organization\",\"name\":\"MJR GmbH\",\"url\":\"https:\\\/\\\/www.mjr.gmbh\\\/fr\\\/\",\"logo\":{\"@type\":\"ImageObject\",\"inLanguage\":\"fr-FR\",\"@id\":\"https:\\\/\\\/www.mjr.gmbh\\\/fr\\\/#\\\/schema\\\/logo\\\/image\\\/\",\"url\":\"\",\"contentUrl\":\"\",\"caption\":\"MJR GmbH\"},\"image\":{\"@id\":\"https:\\\/\\\/www.mjr.gmbh\\\/fr\\\/#\\\/schema\\\/logo\\\/image\\\/\"},\"sameAs\":[\"https:\\\/\\\/www.facebook.com\\\/mjr.gmbh\",\"https:\\\/\\\/www.instagram.com\\\/mjrgmbh\",\"https:\\\/\\\/www.linkedin.com\\\/company\\\/mjrgmbh\\\/\",\"https:\\\/\\\/www.youtube.com\\\/channel\\\/UCodd4EtgS-12wppUPRXK8QA\"]}]}<\/script>\n<!-- \/ Yoast SEO plugin. -->","yoast_head_json":{"title":"Contactez-nous - MJR GmbH","description":"Contactez-nous pour toute question et utilisez simplement notre formulair de contact \ud83d\udcddNous vous contacterons le plus rapidement possible.","robots":{"index":"index","follow":"follow","max-snippet":"max-snippet:-1","max-image-preview":"max-image-preview:large","max-video-preview":"max-video-preview:-1"},"canonical":"https:\/\/www.mjr.gmbh\/fr\/contactez-nous\/","og_locale":"fr_FR","og_type":"article","og_title":"Contactez-nous - MJR GmbH","og_description":"Contactez-nous pour toute question et utilisez simplement notre formulair de contact \ud83d\udcddNous vous contacterons le plus rapidement possible.","og_url":"https:\/\/www.mjr.gmbh\/fr\/contactez-nous\/","og_site_name":"MJR GmbH","article_publisher":"https:\/\/www.facebook.com\/mjr.gmbh","article_modified_time":"2023-07-21T04:54:18+00:00","twitter_card":"summary_large_image","twitter_misc":{"Dur\u00e9e de lecture estim\u00e9e":"1 minute"},"schema":{"@context":"https:\/\/schema.org","@graph":[{"@type":"WebPage","@id":"https:\/\/www.mjr.gmbh\/fr\/contactez-nous\/","url":"https:\/\/www.mjr.gmbh\/fr\/contactez-nous\/","name":"Contactez-nous - MJR GmbH","isPartOf":{"@id":"https:\/\/www.mjr.gmbh\/fr\/#website"},"datePublished":"2023-07-11T12:37:27+00:00","dateModified":"2023-07-21T04:54:18+00:00","description":"Contactez-nous pour toute question et utilisez simplement notre formulair de contact \ud83d\udcddNous vous contacterons le plus rapidement possible.","breadcrumb":{"@id":"https:\/\/www.mjr.gmbh\/fr\/contactez-nous\/#breadcrumb"},"inLanguage":"fr-FR","potentialAction":[{"@type":"ReadAction","target":["https:\/\/www.mjr.gmbh\/fr\/contactez-nous\/"]}]},{"@type":"BreadcrumbList","@id":"https:\/\/www.mjr.gmbh\/fr\/contactez-nous\/#breadcrumb","itemListElement":[{"@type":"ListItem","position":1,"name":"Startseite","item":"https:\/\/www.mjr.gmbh\/fr\/"},{"@type":"ListItem","position":2,"name":"Contactez-nous"}]},{"@type":"WebSite","@id":"https:\/\/www.mjr.gmbh\/fr\/#website","url":"https:\/\/www.mjr.gmbh\/fr\/","name":"MJR GmbH","description":"MJR GmbH - Digitalisierung f\u00fcr den Mittelstand","publisher":{"@id":"https:\/\/www.mjr.gmbh\/fr\/#organization"},"potentialAction":[{"@type":"SearchAction","target":{"@type":"EntryPoint","urlTemplate":"https:\/\/www.mjr.gmbh\/fr\/?s={search_term_string}"},"query-input":{"@type":"PropertyValueSpecification","valueRequired":true,"valueName":"search_term_string"}}],"inLanguage":"fr-FR"},{"@type":"Organization","@id":"https:\/\/www.mjr.gmbh\/fr\/#organization","name":"MJR GmbH","url":"https:\/\/www.mjr.gmbh\/fr\/","logo":{"@type":"ImageObject","inLanguage":"fr-FR","@id":"https:\/\/www.mjr.gmbh\/fr\/#\/schema\/logo\/image\/","url":"","contentUrl":"","caption":"MJR GmbH"},"image":{"@id":"https:\/\/www.mjr.gmbh\/fr\/#\/schema\/logo\/image\/"},"sameAs":["https:\/\/www.facebook.com\/mjr.gmbh","https:\/\/www.instagram.com\/mjrgmbh","https:\/\/www.linkedin.com\/company\/mjrgmbh\/","https:\/\/www.youtube.com\/channel\/UCodd4EtgS-12wppUPRXK8QA"]}]}},"_links":{"self":[{"href":"https:\/\/www.mjr.gmbh\/fr\/wp-json\/wp\/v2\/pages\/12305","targetHints":{"allow":["GET"]}}],"collection":[{"href":"https:\/\/www.mjr.gmbh\/fr\/wp-json\/wp\/v2\/pages"}],"about":[{"href":"https:\/\/www.mjr.gmbh\/fr\/wp-json\/wp\/v2\/types\/page"}],"author":[{"embeddable":true,"href":"https:\/\/www.mjr.gmbh\/fr\/wp-json\/wp\/v2\/users\/18"}],"replies":[{"embeddable":true,"href":"https:\/\/www.mjr.gmbh\/fr\/wp-json\/wp\/v2\/comments?post=12305"}],"version-history":[{"count":0,"href":"https:\/\/www.mjr.gmbh\/fr\/wp-json\/wp\/v2\/pages\/12305\/revisions"}],"wp:attachment":[{"href":"https:\/\/www.mjr.gmbh\/fr\/wp-json\/wp\/v2\/media?parent=12305"}],"curies":[{"name":"wp","href":"https:\/\/api.w.org\/{rel}","templated":true}]}}