{"id":12312,"date":"2023-07-11T15:33:48","date_gmt":"2023-07-11T13:33:48","guid":{"rendered":"https:\/\/mjr.gmbh\/?page_id=12312"},"modified":"2023-07-11T15:33:48","modified_gmt":"2023-07-11T13:33:48","slug":"mentions-legales","status":"publish","type":"page","link":"https:\/\/www.mjr.gmbh\/fr\/mentions-legales\/","title":{"rendered":"Mentions l\u00e9gales"},"content":{"rendered":"<p><strong>MJR GmbH<\/strong><br \/>\nStuttgarter Stra\u00dfe 10<br \/>\n75438 Knittlingen<br \/>\nAllemagne<\/p>\n<p>Tel.:\u00a0\u00a0 +49 7043 80 69 690<br \/>\nFax.:\u00a0\u00a0 +49 7043 80 69 827<br \/>\nMobile: +49 1520 8523330<\/p>\n<p>E-Mail:\u00a0\u00a0<span id=\"cloak54fc099526aa62fcda8ed74488b07b4f\"><a href=\"mailto:kontakt@mjr.gmbh\">kontakt@mjr.gmbh<\/a><\/span><\/p>\n<p>Directeur g\u00e9n\u00e9ral: Michael J. Raber<\/p>\n<p>Tribunal d&rsquo;enregistrement: Mannheim HRB 731568<\/p>\n<hr \/>\n<p>Num\u00e9ro d&rsquo;identification de la taxe sur le chiffre d&rsquo;affaires conform\u00e9ment au \u00a7 27 a de la loi sur la taxe sur le chiffre d&rsquo;affaires: DE320025920<\/p>\n<hr \/>\n<p>Le contenu de ce site est prot\u00e9g\u00e9 par les droits d&rsquo;auteur et ne peut \u00eatre publi\u00e9 ailleurs sans autorisation expresse.<\/p>\n<hr \/>\n<p>Responsable du contenu (conform\u00e9ment \u00e0. \u00a7 55 Abs. 2 RStV): MJR GmbH, Stuttgarter Stra\u00dfe 10, 75438 Knittlingen<\/p>\n<hr \/>\n<p>AS\/400, iSeries, i5, System i, IBM i, OS\/400 sont des marques commerciales d&rsquo;IBM, les autres noms de produits et d&rsquo;entreprises mentionn\u00e9s sur ces pages web peuvent \u00eatre des marques commerciales ou des marques d\u00e9pos\u00e9es de leurs propri\u00e9taires.<\/p>\n","protected":false},"excerpt":{"rendered":"<p>MJR GmbH Stuttgarter Stra\u00dfe 10 75438 Knittlingen Allemagne Tel.:\u00a0\u00a0 +49 7043 80 69 690 Fax.:\u00a0\u00a0 +49 7043 80 69 827 Mobile: +49 1520 8523330 E-Mail:\u00a0\u00a0kontakt@mjr.gmbh Directeur g\u00e9n\u00e9ral: Michael J. Raber Tribunal d&rsquo;enregistrement: Mannheim HRB 731568 Num\u00e9ro d&rsquo;identification de la taxe sur le chiffre d&rsquo;affaires conform\u00e9ment au \u00a7 27 a de la loi sur la taxe&#8230;<\/p>\n","protected":false},"author":18,"featured_media":0,"parent":0,"menu_order":0,"comment_status":"closed","ping_status":"closed","template":"","meta":{"_acf_changed":false,"footnotes":""},"class_list":["post-12312","page","type-page","status-publish","hentry"],"acf":[],"yoast_head":"<!-- This site is optimized with the Yoast SEO plugin v27.5 - https:\/\/yoast.com\/product\/yoast-seo-wordpress\/ -->\n<title>Mentions l\u00e9gales - MJR GmbH<\/title>\n<meta name=\"description\" content=\"Mentions l\u00e9gales de la soci\u00e9t\u00e9 MJR GmbH \u00e0 Knittlingen, Allemagne\" \/>\n<meta name=\"robots\" content=\"index, follow, max-snippet:-1, max-image-preview:large, max-video-preview:-1\" \/>\n<link rel=\"canonical\" href=\"https:\/\/www.mjr.gmbh\/fr\/mentions-legales\/\" \/>\n<meta property=\"og:locale\" content=\"fr_FR\" \/>\n<meta property=\"og:type\" content=\"article\" \/>\n<meta property=\"og:title\" content=\"Mentions l\u00e9gales - MJR GmbH\" \/>\n<meta property=\"og:description\" content=\"Mentions l\u00e9gales de la soci\u00e9t\u00e9 MJR GmbH \u00e0 Knittlingen, Allemagne\" \/>\n<meta property=\"og:url\" content=\"https:\/\/www.mjr.gmbh\/fr\/mentions-legales\/\" \/>\n<meta property=\"og:site_name\" content=\"MJR GmbH\" \/>\n<meta property=\"article:publisher\" content=\"https:\/\/www.facebook.com\/mjr.gmbh\" \/>\n<meta name=\"twitter:card\" content=\"summary_large_image\" \/>\n<meta name=\"twitter:label1\" content=\"Dur\u00e9e de lecture estim\u00e9e\" \/>\n\t<meta name=\"twitter:data1\" content=\"1 minute\" \/>\n<script type=\"application\/ld+json\" class=\"yoast-schema-graph\">{\"@context\":\"https:\\\/\\\/schema.org\",\"@graph\":[{\"@type\":\"WebPage\",\"@id\":\"https:\\\/\\\/www.mjr.gmbh\\\/fr\\\/mentions-legales\\\/\",\"url\":\"https:\\\/\\\/www.mjr.gmbh\\\/fr\\\/mentions-legales\\\/\",\"name\":\"Mentions l\u00e9gales - MJR GmbH\",\"isPartOf\":{\"@id\":\"https:\\\/\\\/www.mjr.gmbh\\\/fr\\\/#website\"},\"datePublished\":\"2023-07-11T13:33:48+00:00\",\"description\":\"Mentions l\u00e9gales de la soci\u00e9t\u00e9 MJR GmbH \u00e0 Knittlingen, Allemagne\",\"breadcrumb\":{\"@id\":\"https:\\\/\\\/www.mjr.gmbh\\\/fr\\\/mentions-legales\\\/#breadcrumb\"},\"inLanguage\":\"fr-FR\",\"potentialAction\":[{\"@type\":\"ReadAction\",\"target\":[\"https:\\\/\\\/www.mjr.gmbh\\\/fr\\\/mentions-legales\\\/\"]}]},{\"@type\":\"BreadcrumbList\",\"@id\":\"https:\\\/\\\/www.mjr.gmbh\\\/fr\\\/mentions-legales\\\/#breadcrumb\",\"itemListElement\":[{\"@type\":\"ListItem\",\"position\":1,\"name\":\"Startseite\",\"item\":\"https:\\\/\\\/www.mjr.gmbh\\\/fr\\\/\"},{\"@type\":\"ListItem\",\"position\":2,\"name\":\"Mentions l\u00e9gales\"}]},{\"@type\":\"WebSite\",\"@id\":\"https:\\\/\\\/www.mjr.gmbh\\\/fr\\\/#website\",\"url\":\"https:\\\/\\\/www.mjr.gmbh\\\/fr\\\/\",\"name\":\"MJR GmbH\",\"description\":\"MJR GmbH - Digitalisierung f\u00fcr den Mittelstand\",\"publisher\":{\"@id\":\"https:\\\/\\\/www.mjr.gmbh\\\/fr\\\/#organization\"},\"potentialAction\":[{\"@type\":\"SearchAction\",\"target\":{\"@type\":\"EntryPoint\",\"urlTemplate\":\"https:\\\/\\\/www.mjr.gmbh\\\/fr\\\/?s={search_term_string}\"},\"query-input\":{\"@type\":\"PropertyValueSpecification\",\"valueRequired\":true,\"valueName\":\"search_term_string\"}}],\"inLanguage\":\"fr-FR\"},{\"@type\":\"Organization\",\"@id\":\"https:\\\/\\\/www.mjr.gmbh\\\/fr\\\/#organization\",\"name\":\"MJR GmbH\",\"url\":\"https:\\\/\\\/www.mjr.gmbh\\\/fr\\\/\",\"logo\":{\"@type\":\"ImageObject\",\"inLanguage\":\"fr-FR\",\"@id\":\"https:\\\/\\\/www.mjr.gmbh\\\/fr\\\/#\\\/schema\\\/logo\\\/image\\\/\",\"url\":\"\",\"contentUrl\":\"\",\"caption\":\"MJR GmbH\"},\"image\":{\"@id\":\"https:\\\/\\\/www.mjr.gmbh\\\/fr\\\/#\\\/schema\\\/logo\\\/image\\\/\"},\"sameAs\":[\"https:\\\/\\\/www.facebook.com\\\/mjr.gmbh\",\"https:\\\/\\\/www.instagram.com\\\/mjrgmbh\",\"https:\\\/\\\/www.linkedin.com\\\/company\\\/mjrgmbh\\\/\",\"https:\\\/\\\/www.youtube.com\\\/channel\\\/UCodd4EtgS-12wppUPRXK8QA\"]}]}<\/script>\n<!-- \/ Yoast SEO plugin. -->","yoast_head_json":{"title":"Mentions l\u00e9gales - MJR GmbH","description":"Mentions l\u00e9gales de la soci\u00e9t\u00e9 MJR GmbH \u00e0 Knittlingen, Allemagne","robots":{"index":"index","follow":"follow","max-snippet":"max-snippet:-1","max-image-preview":"max-image-preview:large","max-video-preview":"max-video-preview:-1"},"canonical":"https:\/\/www.mjr.gmbh\/fr\/mentions-legales\/","og_locale":"fr_FR","og_type":"article","og_title":"Mentions l\u00e9gales - MJR GmbH","og_description":"Mentions l\u00e9gales de la soci\u00e9t\u00e9 MJR GmbH \u00e0 Knittlingen, Allemagne","og_url":"https:\/\/www.mjr.gmbh\/fr\/mentions-legales\/","og_site_name":"MJR GmbH","article_publisher":"https:\/\/www.facebook.com\/mjr.gmbh","twitter_card":"summary_large_image","twitter_misc":{"Dur\u00e9e de lecture estim\u00e9e":"1 minute"},"schema":{"@context":"https:\/\/schema.org","@graph":[{"@type":"WebPage","@id":"https:\/\/www.mjr.gmbh\/fr\/mentions-legales\/","url":"https:\/\/www.mjr.gmbh\/fr\/mentions-legales\/","name":"Mentions l\u00e9gales - MJR GmbH","isPartOf":{"@id":"https:\/\/www.mjr.gmbh\/fr\/#website"},"datePublished":"2023-07-11T13:33:48+00:00","description":"Mentions l\u00e9gales de la soci\u00e9t\u00e9 MJR GmbH \u00e0 Knittlingen, Allemagne","breadcrumb":{"@id":"https:\/\/www.mjr.gmbh\/fr\/mentions-legales\/#breadcrumb"},"inLanguage":"fr-FR","potentialAction":[{"@type":"ReadAction","target":["https:\/\/www.mjr.gmbh\/fr\/mentions-legales\/"]}]},{"@type":"BreadcrumbList","@id":"https:\/\/www.mjr.gmbh\/fr\/mentions-legales\/#breadcrumb","itemListElement":[{"@type":"ListItem","position":1,"name":"Startseite","item":"https:\/\/www.mjr.gmbh\/fr\/"},{"@type":"ListItem","position":2,"name":"Mentions l\u00e9gales"}]},{"@type":"WebSite","@id":"https:\/\/www.mjr.gmbh\/fr\/#website","url":"https:\/\/www.mjr.gmbh\/fr\/","name":"MJR GmbH","description":"MJR GmbH - Digitalisierung f\u00fcr den Mittelstand","publisher":{"@id":"https:\/\/www.mjr.gmbh\/fr\/#organization"},"potentialAction":[{"@type":"SearchAction","target":{"@type":"EntryPoint","urlTemplate":"https:\/\/www.mjr.gmbh\/fr\/?s={search_term_string}"},"query-input":{"@type":"PropertyValueSpecification","valueRequired":true,"valueName":"search_term_string"}}],"inLanguage":"fr-FR"},{"@type":"Organization","@id":"https:\/\/www.mjr.gmbh\/fr\/#organization","name":"MJR GmbH","url":"https:\/\/www.mjr.gmbh\/fr\/","logo":{"@type":"ImageObject","inLanguage":"fr-FR","@id":"https:\/\/www.mjr.gmbh\/fr\/#\/schema\/logo\/image\/","url":"","contentUrl":"","caption":"MJR GmbH"},"image":{"@id":"https:\/\/www.mjr.gmbh\/fr\/#\/schema\/logo\/image\/"},"sameAs":["https:\/\/www.facebook.com\/mjr.gmbh","https:\/\/www.instagram.com\/mjrgmbh","https:\/\/www.linkedin.com\/company\/mjrgmbh\/","https:\/\/www.youtube.com\/channel\/UCodd4EtgS-12wppUPRXK8QA"]}]}},"_links":{"self":[{"href":"https:\/\/www.mjr.gmbh\/fr\/wp-json\/wp\/v2\/pages\/12312","targetHints":{"allow":["GET"]}}],"collection":[{"href":"https:\/\/www.mjr.gmbh\/fr\/wp-json\/wp\/v2\/pages"}],"about":[{"href":"https:\/\/www.mjr.gmbh\/fr\/wp-json\/wp\/v2\/types\/page"}],"author":[{"embeddable":true,"href":"https:\/\/www.mjr.gmbh\/fr\/wp-json\/wp\/v2\/users\/18"}],"replies":[{"embeddable":true,"href":"https:\/\/www.mjr.gmbh\/fr\/wp-json\/wp\/v2\/comments?post=12312"}],"version-history":[{"count":0,"href":"https:\/\/www.mjr.gmbh\/fr\/wp-json\/wp\/v2\/pages\/12312\/revisions"}],"wp:attachment":[{"href":"https:\/\/www.mjr.gmbh\/fr\/wp-json\/wp\/v2\/media?parent=12312"}],"curies":[{"name":"wp","href":"https:\/\/api.w.org\/{rel}","templated":true}]}}