{"id":15939,"date":"2024-11-29T11:42:55","date_gmt":"2024-11-29T10:42:55","guid":{"rendered":"https:\/\/mjr.gmbh\/?page_id=15939"},"modified":"2024-11-29T13:17:27","modified_gmt":"2024-11-29T12:17:27","slug":"formations","status":"publish","type":"page","link":"https:\/\/www.mjr.gmbh\/fr\/formations\/","title":{"rendered":"Formations des sp\u00e9cialistes informatiques exp\u00e9riment\u00e9s"},"content":{"rendered":"<section class=\"l-section wpb_row height_medium\"><div class=\"l-section-h i-cf\"><div class=\"g-cols vc_row via_flex valign_top type_default stacking_default\"><div class=\"vc_col-sm-12 wpb_column vc_column_container\"><div class=\"vc_column-inner\"><div class=\"wpb_wrapper\"><div class=\"wpb_text_column\"><div class=\"wpb_wrapper\"><h2>MJR Academy &#8211; En forme pour l&rsquo;avenir<\/h2>\n<p><span style=\"font-size: 14pt;\">Dans le cadre de formations pratiques, notre \u00e9quipe exp\u00e9riment\u00e9e vous pr\u00e9pare aux produits et aux technologies de demain, quelles que soient vos connaissances pr\u00e9alables. Ainsi, des formations continues sont indispensables pour votre personnel. Un personnel bien form\u00e9 augmente non seulement l&rsquo;efficacit\u00e9 et la productivit\u00e9, mais r\u00e9duit \u00e9galement les erreurs et les temps d&rsquo;arr\u00eat. De plus, les formations favorisent la motivation et la satisfaction de vos collaborateurs, car ils se sentent plus s\u00fbrs et plus comp\u00e9tents dans leur travail. <\/span><\/p>\n<p><span style=\"font-size: 14pt;\">Nous organisons volontiers des formations personnalis\u00e9es dans votre entreprise. Nous pouvons \u00e9galement organiser des ateliers dans nos bureaux \u00e0 Knittlingen ou \u00e0 distance. Nous voulons organiser les formations de vos collaborateurs de mani\u00e8re individuelle, flexible et exactement adapt\u00e9e \u00e0 vos besoins. Chez MJR Academy, nos sp\u00e9cialistes informatiques exp\u00e9riment\u00e9s proposent des formations pratiques et actuelles afin de maintenir votre personnel \u00e0 niveau. Un personnel bien form\u00e9 augmente l&rsquo;efficacit\u00e9, favorise l&rsquo;innovation et assure la comp\u00e9titivit\u00e9 de votre entreprise.<br \/>\n<\/span><\/p>\n<p><span style=\"font-size: 14pt;\">Investissez dans l&rsquo;avenir de vos collaborateurs et de votre entreprise gr\u00e2ce \u00e0 nos formations et ateliers informatiques sur mesure. Gr\u00e2ce \u00e0 des formations continues qualifi\u00e9es, vous investissez dans l&rsquo;avenir de votre entreprise. Notre MJR Academy est \u00e0 vos c\u00f4t\u00e9s avec des m\u00e9thodes de formation ultramodernes et un savoir-faire complet.<\/span><\/p>\n<p><span style=\"font-size: 14pt;\">Contactez-nous d\u00e8s aujourd&rsquo;hui pour en savoir plus sur notre offre de formation. Vous et votre \u00e9quipe garderez ainsi une longueur d&rsquo;avance sur vos concurrents.<\/span><\/p>\n<\/div><\/div><div class=\"w-btn-wrapper align_none\"><a class=\"w-btn us-btn-style_1 icon_atleft\" title=\"Demandez maintenant sans engagement !\" href=\"https:\/\/mjr.gmbh\/schulung\/#anfragen\"><i class=\"fas fa-angle-down\"><\/i><span class=\"w-btn-label\">Demande<\/span><\/a><\/div><\/div><\/div><\/div><\/div><\/div><\/section><section class=\"l-section wpb_row height_medium color_alternate\" id=\"anfragen\"><div class=\"l-section-h i-cf\"><div class=\"g-cols vc_row via_flex valign_top type_default stacking_default\"><div class=\"vc_col-sm-2 wpb_column vc_column_container\"><div class=\"vc_column-inner\"><div class=\"wpb_wrapper\"><\/div><\/div><\/div><div class=\"vc_col-sm-8 wpb_column vc_column_container\"><div class=\"vc_column-inner\"><div class=\"wpb_wrapper\">\n<div class=\"wpcf7 no-js\" id=\"wpcf7-f5831-o1\" lang=\"en-US\" dir=\"ltr\" data-wpcf7-id=\"5831\">\n<div class=\"screen-reader-response\"><p role=\"status\" aria-live=\"polite\" aria-atomic=\"true\"><\/p> <ul><\/ul><\/div>\n<form action=\"\/fr\/wp-json\/wp\/v2\/pages\/15939#wpcf7-f5831-o1\" method=\"post\" class=\"wpcf7-form init\" aria-label=\"Kontaktformular\" novalidate=\"novalidate\" data-status=\"init\">\n<fieldset class=\"hidden-fields-container\"><input type=\"hidden\" name=\"_wpcf7\" value=\"5831\" \/><input type=\"hidden\" name=\"_wpcf7_version\" value=\"6.1.5\" \/><input type=\"hidden\" name=\"_wpcf7_locale\" value=\"en_US\" \/><input type=\"hidden\" name=\"_wpcf7_unit_tag\" value=\"wpcf7-f5831-o1\" \/><input type=\"hidden\" name=\"_wpcf7_container_post\" value=\"0\" \/><input type=\"hidden\" name=\"_wpcf7_posted_data_hash\" value=\"\" \/>\n<\/fieldset>\n<p><span class=\"wpcf7-form-control-wrap\" data-name=\"firstname\"><input size=\"40\" maxlength=\"400\" class=\"wpcf7-form-control wpcf7-text wpcf7-validates-as-required\" aria-required=\"true\" aria-invalid=\"false\" placeholder=\"Firstname*\" value=\"\" type=\"text\" name=\"firstname\" \/><\/span>\n<\/p>\n<p><span class=\"wpcf7-form-control-wrap\" data-name=\"your-name\"><input size=\"40\" maxlength=\"400\" class=\"wpcf7-form-control wpcf7-text wpcf7-validates-as-required\" aria-required=\"true\" aria-invalid=\"false\" placeholder=\"Name*\" value=\"\" type=\"text\" name=\"your-name\" \/><\/span>\n<\/p>\n<p><span class=\"wpcf7-form-control-wrap\" data-name=\"company\"><input size=\"40\" maxlength=\"400\" class=\"wpcf7-form-control wpcf7-text wpcf7-validates-as-required\" aria-required=\"true\" aria-invalid=\"false\" placeholder=\"Company*\" value=\"\" type=\"text\" name=\"company\" \/><\/span>\n<\/p>\n<p><span class=\"wpcf7-form-control-wrap\" data-name=\"email\"><input size=\"40\" maxlength=\"400\" class=\"wpcf7-form-control wpcf7-email wpcf7-validates-as-required wpcf7-text wpcf7-validates-as-email\" aria-required=\"true\" aria-invalid=\"false\" placeholder=\"E-Mail address*\" value=\"\" type=\"email\" name=\"email\" \/><\/span>\n<\/p>\n<p><span class=\"wpcf7-form-control-wrap\" data-name=\"tel-280\"><input size=\"40\" maxlength=\"400\" class=\"wpcf7-form-control wpcf7-tel wpcf7-text wpcf7-validates-as-tel\" aria-invalid=\"false\" placeholder=\"Phone*\" value=\"\" type=\"tel\" name=\"tel-280\" \/><\/span>\n<\/p>\n<p><span class=\"wpcf7-form-control-wrap\" data-name=\"textarea-topic\"><textarea cols=\"40\" rows=\"10\" maxlength=\"2000\" class=\"wpcf7-form-control wpcf7-textarea\" aria-invalid=\"false\" placeholder=\"Topic\" name=\"textarea-topic\"><\/textarea><\/span>\n<\/p>\n<p><span class=\"wpcf7-form-control-wrap\" data-name=\"textarea-knowledge\"><textarea cols=\"40\" rows=\"10\" maxlength=\"2000\" class=\"wpcf7-form-control wpcf7-textarea\" aria-invalid=\"false\" placeholder=\"Previous Knowledge\" name=\"textarea-knowledge\"><\/textarea><\/span><br \/>\n<span id=\"wpcf7-69f375193b4b1-wrapper\" class=\"wpcf7-form-control-wrap helli-247-wrap\" style=\"display:none !important; visibility:hidden !important;\"><label for=\"wpcf7-69f375193b4b1-field\" class=\"hp-message\">Bitte lassen Sie dieses Feld leer.<\/label><input id=\"wpcf7-69f375193b4b1-field\"  class=\"wpcf7-form-control wpcf7-text\" type=\"text\" name=\"helli-247\" value=\"\" size=\"40\" tabindex=\"-1\" autocomplete=\"new-password\" \/><\/span>\n<\/p>\n<p><span class=\"wpcf7-form-control-wrap\" data-name=\"radio-mjr\"><span class=\"wpcf7-form-control wpcf7-radio\"><span class=\"wpcf7-list-item first\"><label><input type=\"radio\" name=\"radio-mjr\" value=\"At MJR\" checked=\"checked\" \/><span class=\"wpcf7-list-item-label\">At MJR<\/span><\/label><\/span><span class=\"wpcf7-list-item last\"><label><input type=\"radio\" name=\"radio-mjr\" value=\"On Site\" \/><span class=\"wpcf7-list-item-label\">On Site<\/span><\/label><\/span><\/span><\/span>\n<\/p>\n<p><span class=\"wpcf7-form-control-wrap\" data-name=\"acceptance-standard\"><span class=\"wpcf7-form-control wpcf7-acceptance\"><span class=\"wpcf7-list-item\"><label><input type=\"checkbox\" name=\"acceptance-standard\" value=\"1\" aria-invalid=\"false\" \/><span class=\"wpcf7-list-item-label\">I agree that my data from the contact form is used to process my enquiry. As soon as your enquiry is fully processed all data will be deleted. You can revoke this agreement for the future at any time with an e-mail to kontakt@mjr.gmbh \n<br>You will find more information about our data processing in our <a title=\"Datenschutz\" href=\"\/en\/privacy-policy\/\"  target=\"_blank\">privacy policy<\/a>.<\/span><\/label><\/span><\/span><\/span>\n<\/p>\n<p><input class=\"wpcf7-form-control wpcf7-submit has-spinner cf7cntcbtn\" id=\"submit\" type=\"submit\" value=\"Submit\" \/>\n<\/p><input type=\"text\" name=\"tTRKv\" value=\"\" style=\"display: none !important;\" \/><div class=\"wpcf7-response-output\" aria-hidden=\"true\"><\/div>\n<\/form>\n<\/div>\n<\/div><\/div><\/div><div class=\"vc_col-sm-2 wpb_column vc_column_container\"><div class=\"vc_column-inner\"><div class=\"wpb_wrapper\"><\/div><\/div><\/div><\/div><\/div><\/section><section class=\"l-section wpb_row height_medium\"><div class=\"l-section-h i-cf\"><div class=\"g-cols vc_row via_flex valign_top type_default stacking_default\"><div class=\"vc_col-sm-12 wpb_column vc_column_container\"><div class=\"vc_column-inner\"><div class=\"wpb_wrapper\"><div class=\"wpb_text_column\"><div class=\"wpb_wrapper\"><h3>Formation en informatique : Infor ERP, int\u00e9gration et technologies cloud<\/h3>\n<p><span style=\"font-size: 14pt;\">Bienvenue dans notre centre de formation informatique, o\u00f9 vous pourrez en apprendre davantage sur Infor ERP, les solutions d&rsquo;int\u00e9gration et les technologies cloud de pointe. Nous vous proposons des informations compl\u00e8tes pour vous aider \u00e0 comprendre comment ces syst\u00e8mes peuvent transformer votre activit\u00e9. Que vous souhaitiez optimiser la planification des ressources de votre entreprise avec Infor ERP, rationaliser les processus gr\u00e2ce \u00e0 l&rsquo;int\u00e9gration ou profiter des avantages du cloud, nos ressources sont \u00e0 votre disposition.<br \/>\n<\/span><\/p>\n<p><span style=\"font-size: 14pt;\">Si vous avez des questions concernant les informations fournies, n&rsquo;h\u00e9sitez pas \u00e0 nous contacter. Nos experts sont pr\u00eats \u00e0 vous aider pour toutes vos questions.<\/span><\/p>\n<\/div><\/div><div class=\"w-btn-wrapper align_none\"><a class=\"w-btn us-btn-style_1 icon_atleft\" title=\"Demandez maintenant sans engagement !\" href=\"https:\/\/mjr.gmbh\/schulung\/#anfragen\"><i class=\"fas fa-angle-down\"><\/i><span class=\"w-btn-label\">Demande<\/span><\/a><\/div><\/div><\/div><\/div><\/div><\/div><\/section>\n","protected":false},"excerpt":{"rendered":"MJR Academy &#8211; En forme pour l&rsquo;avenir Dans le cadre de formations pratiques, notre \u00e9quipe exp\u00e9riment\u00e9e vous pr\u00e9pare aux produits et aux technologies de demain, quelles que soient vos connaissances pr\u00e9alables. Ainsi, des formations continues sont indispensables pour votre personnel. Un personnel bien form\u00e9 augmente non seulement l&rsquo;efficacit\u00e9 et la productivit\u00e9, mais r\u00e9duit \u00e9galement les...","protected":false},"author":18,"featured_media":0,"parent":0,"menu_order":0,"comment_status":"closed","ping_status":"closed","template":"","meta":{"_acf_changed":false,"footnotes":""},"class_list":["post-15939","page","type-page","status-publish","hentry"],"acf":[],"yoast_head":"<!-- This site is optimized with the Yoast SEO plugin v27.5 - https:\/\/yoast.com\/product\/yoast-seo-wordpress\/ -->\n<title>MJR Academy - En forme pour l&#039;avenir | MJR GmbH<\/title>\n<meta name=\"description\" content=\"Notre \u00e9quipe exp\u00e9riment\u00e9e vous pr\u00e9pare aux produits et aux technologies de demain dans le cadre de formations ax\u00e9es sur la pratique.\" \/>\n<meta name=\"robots\" content=\"index, follow, max-snippet:-1, max-image-preview:large, max-video-preview:-1\" \/>\n<link rel=\"canonical\" href=\"https:\/\/www.mjr.gmbh\/fr\/formations\/\" \/>\n<meta property=\"og:locale\" content=\"fr_FR\" \/>\n<meta property=\"og:type\" content=\"article\" \/>\n<meta property=\"og:title\" content=\"MJR Academy - En forme pour l&#039;avenir | MJR GmbH\" \/>\n<meta property=\"og:description\" content=\"Notre \u00e9quipe exp\u00e9riment\u00e9e vous pr\u00e9pare aux produits et aux technologies de demain dans le cadre de formations ax\u00e9es sur la pratique.\" \/>\n<meta property=\"og:url\" content=\"https:\/\/www.mjr.gmbh\/fr\/formations\/\" \/>\n<meta property=\"og:site_name\" content=\"MJR GmbH\" \/>\n<meta property=\"article:publisher\" content=\"https:\/\/www.facebook.com\/mjr.gmbh\" \/>\n<meta property=\"article:modified_time\" content=\"2024-11-29T12:17:27+00:00\" \/>\n<meta name=\"twitter:card\" content=\"summary_large_image\" \/>\n<meta name=\"twitter:label1\" content=\"Dur\u00e9e de lecture estim\u00e9e\" \/>\n\t<meta name=\"twitter:data1\" content=\"3 minutes\" \/>\n<script type=\"application\/ld+json\" class=\"yoast-schema-graph\">{\"@context\":\"https:\\\/\\\/schema.org\",\"@graph\":[{\"@type\":\"WebPage\",\"@id\":\"https:\\\/\\\/www.mjr.gmbh\\\/fr\\\/formations\\\/\",\"url\":\"https:\\\/\\\/www.mjr.gmbh\\\/fr\\\/formations\\\/\",\"name\":\"MJR Academy - En forme pour l'avenir | MJR GmbH\",\"isPartOf\":{\"@id\":\"https:\\\/\\\/www.mjr.gmbh\\\/fr\\\/#website\"},\"datePublished\":\"2024-11-29T10:42:55+00:00\",\"dateModified\":\"2024-11-29T12:17:27+00:00\",\"description\":\"Notre \u00e9quipe exp\u00e9riment\u00e9e vous pr\u00e9pare aux produits et aux technologies de demain dans le cadre de formations ax\u00e9es sur la pratique.\",\"breadcrumb\":{\"@id\":\"https:\\\/\\\/www.mjr.gmbh\\\/fr\\\/formations\\\/#breadcrumb\"},\"inLanguage\":\"fr-FR\",\"potentialAction\":[{\"@type\":\"ReadAction\",\"target\":[\"https:\\\/\\\/www.mjr.gmbh\\\/fr\\\/formations\\\/\"]}]},{\"@type\":\"BreadcrumbList\",\"@id\":\"https:\\\/\\\/www.mjr.gmbh\\\/fr\\\/formations\\\/#breadcrumb\",\"itemListElement\":[{\"@type\":\"ListItem\",\"position\":1,\"name\":\"Startseite\",\"item\":\"https:\\\/\\\/www.mjr.gmbh\\\/fr\\\/\"},{\"@type\":\"ListItem\",\"position\":2,\"name\":\"Formations des sp\u00e9cialistes informatiques exp\u00e9riment\u00e9s\"}]},{\"@type\":\"WebSite\",\"@id\":\"https:\\\/\\\/www.mjr.gmbh\\\/fr\\\/#website\",\"url\":\"https:\\\/\\\/www.mjr.gmbh\\\/fr\\\/\",\"name\":\"MJR GmbH\",\"description\":\"MJR GmbH - Digitalisierung f\u00fcr den Mittelstand\",\"publisher\":{\"@id\":\"https:\\\/\\\/www.mjr.gmbh\\\/fr\\\/#organization\"},\"potentialAction\":[{\"@type\":\"SearchAction\",\"target\":{\"@type\":\"EntryPoint\",\"urlTemplate\":\"https:\\\/\\\/www.mjr.gmbh\\\/fr\\\/?s={search_term_string}\"},\"query-input\":{\"@type\":\"PropertyValueSpecification\",\"valueRequired\":true,\"valueName\":\"search_term_string\"}}],\"inLanguage\":\"fr-FR\"},{\"@type\":\"Organization\",\"@id\":\"https:\\\/\\\/www.mjr.gmbh\\\/fr\\\/#organization\",\"name\":\"MJR GmbH\",\"url\":\"https:\\\/\\\/www.mjr.gmbh\\\/fr\\\/\",\"logo\":{\"@type\":\"ImageObject\",\"inLanguage\":\"fr-FR\",\"@id\":\"https:\\\/\\\/www.mjr.gmbh\\\/fr\\\/#\\\/schema\\\/logo\\\/image\\\/\",\"url\":\"\",\"contentUrl\":\"\",\"caption\":\"MJR GmbH\"},\"image\":{\"@id\":\"https:\\\/\\\/www.mjr.gmbh\\\/fr\\\/#\\\/schema\\\/logo\\\/image\\\/\"},\"sameAs\":[\"https:\\\/\\\/www.facebook.com\\\/mjr.gmbh\",\"https:\\\/\\\/www.instagram.com\\\/mjrgmbh\",\"https:\\\/\\\/www.linkedin.com\\\/company\\\/mjrgmbh\\\/\",\"https:\\\/\\\/www.youtube.com\\\/channel\\\/UCodd4EtgS-12wppUPRXK8QA\"]}]}<\/script>\n<!-- \/ Yoast SEO plugin. -->","yoast_head_json":{"title":"MJR Academy - En forme pour l'avenir | MJR GmbH","description":"Notre \u00e9quipe exp\u00e9riment\u00e9e vous pr\u00e9pare aux produits et aux technologies de demain dans le cadre de formations ax\u00e9es sur la pratique.","robots":{"index":"index","follow":"follow","max-snippet":"max-snippet:-1","max-image-preview":"max-image-preview:large","max-video-preview":"max-video-preview:-1"},"canonical":"https:\/\/www.mjr.gmbh\/fr\/formations\/","og_locale":"fr_FR","og_type":"article","og_title":"MJR Academy - En forme pour l'avenir | MJR GmbH","og_description":"Notre \u00e9quipe exp\u00e9riment\u00e9e vous pr\u00e9pare aux produits et aux technologies de demain dans le cadre de formations ax\u00e9es sur la pratique.","og_url":"https:\/\/www.mjr.gmbh\/fr\/formations\/","og_site_name":"MJR GmbH","article_publisher":"https:\/\/www.facebook.com\/mjr.gmbh","article_modified_time":"2024-11-29T12:17:27+00:00","twitter_card":"summary_large_image","twitter_misc":{"Dur\u00e9e de lecture estim\u00e9e":"3 minutes"},"schema":{"@context":"https:\/\/schema.org","@graph":[{"@type":"WebPage","@id":"https:\/\/www.mjr.gmbh\/fr\/formations\/","url":"https:\/\/www.mjr.gmbh\/fr\/formations\/","name":"MJR Academy - En forme pour l'avenir | MJR GmbH","isPartOf":{"@id":"https:\/\/www.mjr.gmbh\/fr\/#website"},"datePublished":"2024-11-29T10:42:55+00:00","dateModified":"2024-11-29T12:17:27+00:00","description":"Notre \u00e9quipe exp\u00e9riment\u00e9e vous pr\u00e9pare aux produits et aux technologies de demain dans le cadre de formations ax\u00e9es sur la pratique.","breadcrumb":{"@id":"https:\/\/www.mjr.gmbh\/fr\/formations\/#breadcrumb"},"inLanguage":"fr-FR","potentialAction":[{"@type":"ReadAction","target":["https:\/\/www.mjr.gmbh\/fr\/formations\/"]}]},{"@type":"BreadcrumbList","@id":"https:\/\/www.mjr.gmbh\/fr\/formations\/#breadcrumb","itemListElement":[{"@type":"ListItem","position":1,"name":"Startseite","item":"https:\/\/www.mjr.gmbh\/fr\/"},{"@type":"ListItem","position":2,"name":"Formations des sp\u00e9cialistes informatiques exp\u00e9riment\u00e9s"}]},{"@type":"WebSite","@id":"https:\/\/www.mjr.gmbh\/fr\/#website","url":"https:\/\/www.mjr.gmbh\/fr\/","name":"MJR GmbH","description":"MJR GmbH - Digitalisierung f\u00fcr den Mittelstand","publisher":{"@id":"https:\/\/www.mjr.gmbh\/fr\/#organization"},"potentialAction":[{"@type":"SearchAction","target":{"@type":"EntryPoint","urlTemplate":"https:\/\/www.mjr.gmbh\/fr\/?s={search_term_string}"},"query-input":{"@type":"PropertyValueSpecification","valueRequired":true,"valueName":"search_term_string"}}],"inLanguage":"fr-FR"},{"@type":"Organization","@id":"https:\/\/www.mjr.gmbh\/fr\/#organization","name":"MJR GmbH","url":"https:\/\/www.mjr.gmbh\/fr\/","logo":{"@type":"ImageObject","inLanguage":"fr-FR","@id":"https:\/\/www.mjr.gmbh\/fr\/#\/schema\/logo\/image\/","url":"","contentUrl":"","caption":"MJR GmbH"},"image":{"@id":"https:\/\/www.mjr.gmbh\/fr\/#\/schema\/logo\/image\/"},"sameAs":["https:\/\/www.facebook.com\/mjr.gmbh","https:\/\/www.instagram.com\/mjrgmbh","https:\/\/www.linkedin.com\/company\/mjrgmbh\/","https:\/\/www.youtube.com\/channel\/UCodd4EtgS-12wppUPRXK8QA"]}]}},"_links":{"self":[{"href":"https:\/\/www.mjr.gmbh\/fr\/wp-json\/wp\/v2\/pages\/15939","targetHints":{"allow":["GET"]}}],"collection":[{"href":"https:\/\/www.mjr.gmbh\/fr\/wp-json\/wp\/v2\/pages"}],"about":[{"href":"https:\/\/www.mjr.gmbh\/fr\/wp-json\/wp\/v2\/types\/page"}],"author":[{"embeddable":true,"href":"https:\/\/www.mjr.gmbh\/fr\/wp-json\/wp\/v2\/users\/18"}],"replies":[{"embeddable":true,"href":"https:\/\/www.mjr.gmbh\/fr\/wp-json\/wp\/v2\/comments?post=15939"}],"version-history":[{"count":0,"href":"https:\/\/www.mjr.gmbh\/fr\/wp-json\/wp\/v2\/pages\/15939\/revisions"}],"wp:attachment":[{"href":"https:\/\/www.mjr.gmbh\/fr\/wp-json\/wp\/v2\/media?parent=15939"}],"curies":[{"name":"wp","href":"https:\/\/api.w.org\/{rel}","templated":true}]}}