{"id":17871,"date":"2026-02-11T08:45:11","date_gmt":"2026-02-11T07:45:11","guid":{"rendered":"https:\/\/www.mjr.gmbh\/?page_id=17871"},"modified":"2026-02-11T14:40:00","modified_gmt":"2026-02-11T13:40:00","slug":"system-schulungen","status":"publish","type":"page","link":"https:\/\/www.mjr.gmbh\/fr\/system-schulungen\/","title":{"rendered":"System Schulungen"},"content":{"rendered":"<section class=\"l-section wpb_row us_custom_3b98421e height_huge with_img parallax_ver with_shape\"><div class=\"l-section-img\" role=\"img\" aria-label=\"mjr schulung\" data-img-width=\"1536\" data-img-height=\"718\" style=\"background-image: url(https:\/\/mjr.gmbh\/wp-content\/uploads\/it-schulung-1.png);background-repeat: no-repeat;\"><\/div><div class=\"l-section-overlay\" style=\"background:var(--color-header-top-transparent-bg)\"><\/div><div class=\"l-section-shape type_tilt pos_bottom hor_flip\" style=\"height:15vmin;\"><svg xmlns=\"http:\/\/www.w3.org\/2000\/svg\" viewBox=\"0 0 64 8\" preserveAspectRatio=\"none\" width=\"100%\" height=\"100%\">\r\n\t<path fill=\"currentColor\" d=\"M64 7.9 L64 10 L0 10 L0 0 Z\"\/>\r\n<\/svg><\/div><div class=\"l-section-h i-cf\"><div class=\"g-cols vc_row via_flex valign_bottom type_default stacking_default\"><div class=\"vc_col-sm-1 wpb_column vc_column_container\"><div class=\"vc_column-inner\"><div class=\"wpb_wrapper\"><\/div><\/div><\/div><div class=\"vc_col-sm-10 wpb_column vc_column_container\"><div class=\"vc_column-inner\"><div class=\"wpb_wrapper\"><h1 class=\"w-post-elm post_title us_custom_618438b3 has_text_color align_left entry-title color_link_inherit\">System Schulungen<\/h1><div class=\"wpb_text_column us_custom_085c8764\"><div class=\"wpb_wrapper\"><h2><span style=\"color: #ffffff;\">Ihre Schulung von unseren Experten: langj\u00e4hrige Erfahrung und Know-How<\/span><\/h2>\n<\/div><\/div>[vc_btn title=\u00a0\u00bbDirekt Schulung anfragen\u00a0\u00bb i_icon_fontawesome=\u00a0\u00bbfa fa-solid fa-paper-plane\u00a0\u00bb css=\u00a0\u00bb\u00a0\u00bb add_icon=\u00a0\u00bbtrue\u00a0\u00bb link=\u00a0\u00bburl:%23kontakt\u00a0\u00bb el_class=\u00a0\u00bbbtn-red\u00a0\u00bb]<\/div><\/div><\/div><div class=\"vc_col-sm-1 wpb_column vc_column_container\"><div class=\"vc_column-inner\"><div class=\"wpb_wrapper\"><\/div><\/div><\/div><\/div><\/div><\/section><!-- Row Backgrounds --><!-- Row Backgrounds --><section class=\"l-section wpb_row us_custom_b4c0c321 height_auto\"><div class=\"l-section-h i-cf\"><div class=\"g-cols vc_row via_flex valign_top type_default stacking_default\"><div class=\"vc_col-sm-1 wpb_column vc_column_container\"><div class=\"vc_column-inner us_custom_6f82108f\"><div class=\"wpb_wrapper\"><\/div><\/div><\/div><div class=\"vc_col-sm-10 wpb_column vc_column_container\"><div class=\"vc_column-inner\"><div class=\"wpb_wrapper\"><div class=\"wpb_text_column\"><div class=\"wpb_wrapper\"><h2>Unsere Schulungsoptionen<\/h2>\n<\/div><\/div><div class=\"w-pricing style_simple items_4\"><div class=\"w-pricing-item type_default\"><div class=\"w-pricing-item-h\"><div class=\"w-pricing-item-header\"><div class=\"w-pricing-item-title\">Infor XA Schulung<\/div><div class=\"w-pricing-item-price\"><small>nach Aufwand<\/small><\/div><\/div><ul class=\"w-pricing-item-features\"><li class=\"w-pricing-item-feature\">Schulung zu Infor XA Themen<\/li><li class=\"w-pricing-item-feature\">wie Anwenderschulung<\/li><\/ul><div class=\"w-pricing-item-footer\"><a class=\"w-btn us-btn-style_1\" style=\"font-size:15px\" href=\"\/kontakt\"><span class=\"w-btn-label\">Schulung anfragen<\/span><\/a><\/div><\/div><\/div><div class=\"w-pricing-item type_featured\"><div class=\"w-pricing-item-h\"><div class=\"w-pricing-item-header\"><div class=\"w-pricing-item-title\">Infor OS Schulung<\/div><div class=\"w-pricing-item-price\"> <small>nach Aufwand<\/small><\/div><\/div><ul class=\"w-pricing-item-features\"><li class=\"w-pricing-item-feature\">Schulung zu Infor OS Themen<\/li><li class=\"w-pricing-item-feature\">wie Anwenderschulung<\/li><\/ul><div class=\"w-pricing-item-footer\"><a class=\"w-btn us-btn-style_1\" style=\"font-size:15px\" href=\"\/kontakt\"><span class=\"w-btn-label\">Schulung anfragen<\/span><\/a><\/div><\/div><\/div><div class=\"w-pricing-item type_default\"><div class=\"w-pricing-item-h\"><div class=\"w-pricing-item-header\"><div class=\"w-pricing-item-title\">Output Management<\/div><div class=\"w-pricing-item-price\"><small>nach Aufwand<\/small><\/div><\/div><ul class=\"w-pricing-item-features\"><li class=\"w-pricing-item-feature\">Schulung zu Output Management <\/li><li class=\"w-pricing-item-feature\">Themen mit InterForm NG2<\/li><\/ul><div class=\"w-pricing-item-footer\"><a class=\"w-btn us-btn-style_1\" style=\"font-size:15px\" href=\"\/kontakt\"><span class=\"w-btn-label\">Schulung anfragen<\/span><\/a><\/div><\/div><\/div><div class=\"w-pricing-item type_featured\"><div class=\"w-pricing-item-h\"><div class=\"w-pricing-item-header\"><div class=\"w-pricing-item-title\">AS 400 \/ IBM i Schulung<\/div><div class=\"w-pricing-item-price\"><small>nach Aufwand<\/small><\/div><\/div><ul class=\"w-pricing-item-features\"><li class=\"w-pricing-item-feature\">Schulungen zu  IBM i <\/li><li class=\"w-pricing-item-feature\">oder AS400 Themen<\/li><\/ul><div class=\"w-pricing-item-footer\"><a class=\"w-btn us-btn-style_1\" style=\"font-size:15px\" href=\"\/kontakt\"><span class=\"w-btn-label\">Schulung anfragen<\/span><\/a><\/div><\/div><\/div><\/div><div class=\"wpb_text_column us_custom_0f8f44b7\"><div class=\"wpb_wrapper\"><p><span style=\"font-size: 14pt;\">Die \u00dcbersicht zeigt nur unsere Standard Schulungen. Wir k\u00f6nnen ebenfalls ein individuelles Angebot nach Ihren Anforderungen senden.\u00a0\u00a0<\/span><\/p>\n<\/div><\/div><\/div><\/div><\/div><div class=\"vc_col-sm-1 wpb_column vc_column_container\"><div class=\"vc_column-inner us_custom_ad6109fb\"><div class=\"wpb_wrapper\"><\/div><\/div><\/div><\/div><\/div><\/section><section class=\"l-section wpb_row us_custom_8e7e0486 height_small\"><div class=\"l-section-overlay\" style=\"background:var(--color-header-top-bg)\"><\/div><div class=\"l-section-h i-cf\"><div class=\"g-cols vc_row via_flex valign_top type_default stacking_default\"><div class=\"vc_col-sm-1 wpb_column vc_column_container\"><div class=\"vc_column-inner\"><div class=\"wpb_wrapper\"><\/div><\/div><\/div><div class=\"vc_col-sm-5 wpb_column vc_column_container\"><div class=\"vc_column-inner\"><div class=\"wpb_wrapper\"><div class=\"wpb_text_column\"><div class=\"wpb_wrapper\"><h3>Unser Team f\u00fcr Ihren Erfolg<\/h3>\n<p><span style=\"font-size: 14pt;\">Das Team von MJR hat es sich seit \u00fcber 15 Jahren zur Aufgabe gemacht Sie und Ihr Unternehmen zu unterst\u00fctzen. Mit Schulungen von unseren IT-Spezialisten geben wir unser Know-How zu den verschiedenen Technologien an Sie weiter &#8211; genau dort wo Sie es brauchen!\u00a0<\/span><\/p>\n<p><span style=\"font-size: 14pt;\">Sprechen Sie uns an und wir finden den passenden Consultant f\u00fcr Ihr Anliegen.\u00a0<\/span><\/p>\n<\/div><\/div><\/div><\/div><\/div><div class=\"vc_col-sm-5 wpb_column vc_column_container\"><div class=\"vc_column-inner\"><div class=\"wpb_wrapper\"><div class=\"w-video align_none ratio_16x9 has_iframe confirm_load\" data-cookie-name=\"youtube_load_confirmed\"><div class=\"w-video-h\"><script type=\"text\/template\">PGlmcmFtZSB0aXRsZT0iWW91dHViZSB2aWRlbyBwbGF5ZXIiIHNyYz0iLy93d3cueW91dHViZS5jb20vZW1iZWQvS1NsUzNxWFhMaGc\/YXV0b3BsYXk9MCZjb250cm9scz0xJm9yaWdpbj1odHRwczovL3d3dy5tanIuZ21iaC9mci8mbG9vcD0wJm11dGU9MCIgYWxsb3dmdWxsc2NyZWVuPSIxIiBsb2FkaW5nPSJsYXp5Ij48L2lmcmFtZT4=<\/script><div class=\"w-video-privacy\"><p>En chargeant cette vid\u00e9o, vous acceptez la politique de confidentialit\u00e9 de <a href=\"https:\/\/policies.google.com\/privacy\" target=\"_blank\" rel=\"nofollow noreferrer\">Youtube<\/a>.<\/p><p><label><input type=\"checkbox\" name=\"youtube_load_confirmed[]\" value=\"0\"><span>Toujours charger Youtube vid\u00e9os sur ce site.<\/span><\/label><\/p><p><button class=\"w-btn action_confirm_load us-btn-style_1\" type=\"button\"><span class=\"w-btn-label\">Charger la vid\u00e9o<\/span><\/button><\/p><\/div><\/div><\/div><\/div><\/div><\/div><div class=\"vc_col-sm-1 wpb_column vc_column_container\"><div class=\"vc_column-inner\"><div class=\"wpb_wrapper\"><\/div><\/div><\/div><\/div><\/div><\/section><section class=\"l-section wpb_row us_custom_0dd8fd29 height_medium\" id=\"kontakt\"><div class=\"l-section-h i-cf\"><div class=\"g-cols vc_row via_flex valign_top type_default stacking_default\"><div class=\"vc_col-sm-12 wpb_column vc_column_container\"><div class=\"vc_column-inner\"><div class=\"wpb_wrapper\">[vc_custom_heading text=\u00a0\u00bbJetzt Schulung mit unseren Experten buchen: Kontaktieren Sie uns noch heute!\u00a0\u00bb use_theme_fonts=\u00a0\u00bbyes\u00a0\u00bb]<div class=\"g-cols wpb_row via_flex valign_top type_default stacking_default\"><div class=\"vc_col-sm-3 wpb_column vc_column_container\"><div class=\"vc_column-inner\"><div class=\"wpb_wrapper\"><div class=\"w-image style_circle align_center\"><div class=\"w-image-h\"><img decoding=\"async\" width=\"150\" height=\"150\" src=\"https:\/\/mjr.gmbh\/wp-content\/uploads\/Michael_350x350-150x150.png\" class=\"attachment-thumbnail size-thumbnail\" alt=\"\" loading=\"lazy\" srcset=\"https:\/\/mjr.gmbh\/wp-content\/uploads\/Michael_350x350-150x150.png 150w, https:\/\/mjr.gmbh\/wp-content\/uploads\/Michael_350x350-300x300.png 300w, https:\/\/mjr.gmbh\/wp-content\/uploads\/Michael_350x350.png 350w\" sizes=\"auto, (max-width: 150px) 100vw, 150px\" \/><\/div><\/div><\/div><\/div><\/div><div class=\"vc_col-sm-9 wpb_column vc_column_container\"><div class=\"vc_column-inner\"><div class=\"wpb_wrapper\"><div class=\"wpb_text_column\"><div class=\"wpb_wrapper\"><p><strong>Michael Raber<br \/>\n<\/strong>General Manager<\/p>\n<\/div><\/div><div class=\"aio-icon-component    style_1\"><a class=\"aio-icon-box-link\" href=\"mailto:kontakt@mjr.gmbh\" ><div id=\"Info-box-wrap-9922\" class=\"aio-icon-box default-icon\" style=\"\"  ><div class=\"aio-icon-default\"><div class=\"ult-just-icon-wrapper  \"><div class=\"align-icon\" style=\"text-align:center;\">\n<div class=\"aio-icon none \"  style=\"color:#333;font-size:32px;display:inline-block;\">\n\t<i class=\"Defaults-envelope\"><\/i>\n<\/div><\/div><\/div><\/div><div class=\"aio-icon-header\" ><p class=\"aio-icon-title ult-responsive\"  data-ultimate-target='#Info-box-wrap-9922 .aio-icon-title'  data-responsive-json-new='{\"font-size\":\"\",\"line-height\":\"\"}'  style=\"\">kontakt@mjr.gmbh<\/p><\/div> <!-- header --><\/div> <!-- aio-icon-box --><\/a><\/div> <!-- aio-icon-component --><\/div><\/div><\/div><\/div><div class=\"g-cols wpb_row via_flex valign_top type_default stacking_default\"><div class=\"vc_col-sm-12 wpb_column vc_column_container\"><div class=\"vc_column-inner\"><div class=\"wpb_wrapper\">\n<div class=\"wpcf7 no-js\" id=\"wpcf7-f10115-o1\" lang=\"de-DE\" dir=\"ltr\" data-wpcf7-id=\"10115\">\n<div class=\"screen-reader-response\"><p role=\"status\" aria-live=\"polite\" aria-atomic=\"true\"><\/p> <ul><\/ul><\/div>\n<form action=\"\/fr\/wp-json\/wp\/v2\/pages\/17871#wpcf7-f10115-o1\" method=\"post\" class=\"wpcf7-form init\" aria-label=\"Kontaktformular\" novalidate=\"novalidate\" data-status=\"init\">\n<fieldset class=\"hidden-fields-container\"><input type=\"hidden\" name=\"_wpcf7\" value=\"10115\" \/><input type=\"hidden\" name=\"_wpcf7_version\" value=\"6.1.5\" \/><input type=\"hidden\" name=\"_wpcf7_locale\" value=\"de_DE\" \/><input type=\"hidden\" name=\"_wpcf7_unit_tag\" value=\"wpcf7-f10115-o1\" \/><input type=\"hidden\" name=\"_wpcf7_container_post\" value=\"0\" \/><input type=\"hidden\" name=\"_wpcf7_posted_data_hash\" value=\"\" \/>\n<\/fieldset>\n<div class=\"contact-form\">\n\t<div class=\"contact-50\">\n\t\t<p>Vorname*:<br \/>\n<span class=\"wpcf7-form-control-wrap\" data-name=\"vorname\"><input size=\"40\" maxlength=\"400\" class=\"wpcf7-form-control wpcf7-text wpcf7-validates-as-required\" aria-required=\"true\" aria-invalid=\"false\" value=\"\" type=\"text\" name=\"vorname\" \/><\/span>\n\t\t<\/p>\n\t\t<p>Nachname*:<br \/>\n<span class=\"wpcf7-form-control-wrap\" data-name=\"nachname\"><input size=\"40\" maxlength=\"400\" class=\"wpcf7-form-control wpcf7-text wpcf7-validates-as-required\" aria-required=\"true\" aria-invalid=\"false\" value=\"\" type=\"text\" name=\"nachname\" \/><\/span>\n\t\t<\/p>\n\t\t<p>Firma*:<br \/>\n<span class=\"wpcf7-form-control-wrap\" data-name=\"firma\"><input size=\"40\" maxlength=\"400\" class=\"wpcf7-form-control wpcf7-text wpcf7-validates-as-required\" aria-required=\"true\" aria-invalid=\"false\" value=\"\" type=\"text\" name=\"firma\" \/><\/span>\n\t\t<\/p>\n\t\t<p>E-Mail-Adresse*:<br \/>\n<span class=\"wpcf7-form-control-wrap\" data-name=\"email\"><input size=\"40\" maxlength=\"400\" class=\"wpcf7-form-control wpcf7-email wpcf7-validates-as-required wpcf7-text wpcf7-validates-as-email\" aria-required=\"true\" aria-invalid=\"false\" value=\"\" type=\"email\" name=\"email\" \/><\/span>\n\t\t<\/p>\n\t<\/div>\n\t<p>Nachricht:<br \/>\n<span class=\"wpcf7-form-control-wrap\" data-name=\"message\"><textarea cols=\"40\" rows=\"10\" maxlength=\"2000\" class=\"wpcf7-form-control wpcf7-textarea wpcf7-validates-as-required\" aria-required=\"true\" aria-invalid=\"false\" name=\"message\"><\/textarea><\/span>\n\t<\/p>\n<\/div>\n<p><span class=\"wpcf7-form-control-wrap\" data-name=\"acceptance-standard\"><span class=\"wpcf7-form-control wpcf7-acceptance\"><span class=\"wpcf7-list-item\"><label><input type=\"checkbox\" name=\"acceptance-standard\" value=\"1\" aria-invalid=\"false\" \/><span class=\"wpcf7-list-item-label\">Ich stimme zu, dass meine Angaben aus dem Kontaktformular zur Beantwortung meiner Anfrage erhoben und verarbeitet werden. Die Daten werden nach abgeschlossener Bearbeitung Ihrer Anfrage gel\u00f6scht. Hinweis: Sie k\u00f6nnen Ihre Einwilligung jederzeit f\u00fcr die Zukunft per E-Mail an kontakt@mjr.gmbh widerrufen. Informationen zum Umgang mit Nutzerdaten finden Sie in unserer <a title=\"Datenschutz\" href=\"\/datenschutz\"  target=\"_blank\">Datenschutzerkl\u00e4rung<\/a>.<\/span><\/label><\/span><\/span><\/span>\n<\/p>\n<p><span id=\"wpcf7-69d0b3652c09b-wrapper\" class=\"wpcf7-form-control-wrap honeypot-977-wrap\" style=\"display:none !important; visibility:hidden !important;\"><label for=\"wpcf7-69d0b3652c09b-field\" class=\"hp-message\">Bitte lasse dieses Feld leer.<\/label><input id=\"wpcf7-69d0b3652c09b-field\"  class=\"wpcf7-form-control wpcf7-text\" type=\"text\" name=\"honeypot-977\" value=\"\" size=\"40\" tabindex=\"-1\" autocomplete=\"new-password\" \/><\/span>\n<\/p>\n<p><input class=\"wpcf7-form-control wpcf7-submit has-spinner\" type=\"submit\" value=\"Nachricht senden\" \/>\n<\/p><input type=\"text\" name=\"tTRKv\" value=\"\" style=\"display: none !important;\" \/><div class=\"wpcf7-response-output\" aria-hidden=\"true\"><\/div>\n<\/form>\n<\/div>\n<\/div><\/div><\/div><\/div><\/div><\/div><\/div><\/div><\/div><\/section>\n","protected":false},"excerpt":{"rendered":"System SchulungenIhre Schulung von unseren Experten: langj\u00e4hrige Erfahrung und Know-How [vc_btn title=\"Direkt Schulung anfragen\" i_icon_fontawesome=\"fa fa-solid fa-paper-plane\" css=\"\" add_icon=\"true\" link=\"url:%23kontakt\" el_class=\"btn-red\"]Unsere Schulungsoptionen Infor XA Schulungnach AufwandSchulung zu Infor XA Themenwie AnwenderschulungSchulung anfragenInfor OS Schulung nach AufwandSchulung zu Infor OS Themenwie AnwenderschulungSchulung anfragenOutput Managementnach AufwandSchulung zu Output Management Themen mit InterForm NG2Schulung anfragenAS 400 \/ IBM...","protected":false},"author":18,"featured_media":17891,"parent":0,"menu_order":0,"comment_status":"closed","ping_status":"closed","template":"","meta":{"_acf_changed":false,"footnotes":""},"class_list":["post-17871","page","type-page","status-publish","has-post-thumbnail","hentry"],"acf":[],"yoast_head":"<!-- This site is optimized with the Yoast SEO plugin v27.3 - https:\/\/yoast.com\/product\/yoast-seo-wordpress\/ -->\n<title>System Schulungen - MJR GmbH<\/title>\n<meta name=\"description\" content=\"Die Schulungen im Bereich ERP-Systeme oder IBM i bieten wir Ihnen remote oder bei Ihnen vor Ort an. Sprechen Sie uns an!\" \/>\n<meta name=\"robots\" content=\"index, follow, max-snippet:-1, max-image-preview:large, max-video-preview:-1\" \/>\n<link rel=\"canonical\" href=\"https:\/\/www.mjr.gmbh\/fr\/system-schulungen\/\" \/>\n<meta property=\"og:locale\" content=\"fr_FR\" \/>\n<meta property=\"og:type\" content=\"article\" \/>\n<meta property=\"og:title\" content=\"System Schulungen - MJR GmbH\" \/>\n<meta property=\"og:description\" content=\"Die Schulungen im Bereich ERP-Systeme oder IBM i bieten wir Ihnen remote oder bei Ihnen vor Ort an. Sprechen Sie uns an!\" \/>\n<meta property=\"og:url\" content=\"https:\/\/www.mjr.gmbh\/fr\/system-schulungen\/\" \/>\n<meta property=\"og:site_name\" content=\"MJR GmbH\" \/>\n<meta property=\"article:publisher\" content=\"https:\/\/www.facebook.com\/mjr.gmbh\" \/>\n<meta property=\"article:modified_time\" content=\"2026-02-11T13:40:00+00:00\" \/>\n<meta property=\"og:image\" content=\"https:\/\/mjr.gmbh\/wp-content\/uploads\/it-schulung-1.png\" \/>\n\t<meta property=\"og:image:width\" content=\"1536\" \/>\n\t<meta property=\"og:image:height\" content=\"718\" \/>\n\t<meta property=\"og:image:type\" content=\"image\/png\" \/>\n<meta name=\"twitter:card\" content=\"summary_large_image\" \/>\n<meta name=\"twitter:label1\" content=\"Dur\u00e9e de lecture estim\u00e9e\" \/>\n\t<meta name=\"twitter:data1\" content=\"2 minutes\" \/>\n<script type=\"application\/ld+json\" class=\"yoast-schema-graph\">{\"@context\":\"https:\\\/\\\/schema.org\",\"@graph\":[{\"@type\":\"WebPage\",\"@id\":\"https:\\\/\\\/www.mjr.gmbh\\\/fr\\\/system-schulungen\\\/\",\"url\":\"https:\\\/\\\/www.mjr.gmbh\\\/fr\\\/system-schulungen\\\/\",\"name\":\"System Schulungen - MJR GmbH\",\"isPartOf\":{\"@id\":\"https:\\\/\\\/www.mjr.gmbh\\\/fr\\\/#website\"},\"primaryImageOfPage\":{\"@id\":\"https:\\\/\\\/www.mjr.gmbh\\\/fr\\\/system-schulungen\\\/#primaryimage\"},\"image\":{\"@id\":\"https:\\\/\\\/www.mjr.gmbh\\\/fr\\\/system-schulungen\\\/#primaryimage\"},\"thumbnailUrl\":\"https:\\\/\\\/mjr.gmbh\\\/wp-content\\\/uploads\\\/it-schulung-1.png\",\"datePublished\":\"2026-02-11T07:45:11+00:00\",\"dateModified\":\"2026-02-11T13:40:00+00:00\",\"description\":\"Die Schulungen im Bereich ERP-Systeme oder IBM i bieten wir Ihnen remote oder bei Ihnen vor Ort an. Sprechen Sie uns an!\",\"breadcrumb\":{\"@id\":\"https:\\\/\\\/www.mjr.gmbh\\\/fr\\\/system-schulungen\\\/#breadcrumb\"},\"inLanguage\":\"fr-FR\",\"potentialAction\":[{\"@type\":\"ReadAction\",\"target\":[\"https:\\\/\\\/www.mjr.gmbh\\\/fr\\\/system-schulungen\\\/\"]}]},{\"@type\":\"ImageObject\",\"inLanguage\":\"fr-FR\",\"@id\":\"https:\\\/\\\/www.mjr.gmbh\\\/fr\\\/system-schulungen\\\/#primaryimage\",\"url\":\"https:\\\/\\\/mjr.gmbh\\\/wp-content\\\/uploads\\\/it-schulung-1.png\",\"contentUrl\":\"https:\\\/\\\/mjr.gmbh\\\/wp-content\\\/uploads\\\/it-schulung-1.png\",\"width\":1536,\"height\":718,\"caption\":\"mjr schulung\"},{\"@type\":\"BreadcrumbList\",\"@id\":\"https:\\\/\\\/www.mjr.gmbh\\\/fr\\\/system-schulungen\\\/#breadcrumb\",\"itemListElement\":[{\"@type\":\"ListItem\",\"position\":1,\"name\":\"Startseite\",\"item\":\"https:\\\/\\\/www.mjr.gmbh\\\/fr\\\/\"},{\"@type\":\"ListItem\",\"position\":2,\"name\":\"System Schulungen\"}]},{\"@type\":\"WebSite\",\"@id\":\"https:\\\/\\\/www.mjr.gmbh\\\/fr\\\/#website\",\"url\":\"https:\\\/\\\/www.mjr.gmbh\\\/fr\\\/\",\"name\":\"MJR GmbH\",\"description\":\"MJR GmbH - Digitalisierung f\u00fcr den Mittelstand\",\"publisher\":{\"@id\":\"https:\\\/\\\/www.mjr.gmbh\\\/fr\\\/#organization\"},\"potentialAction\":[{\"@type\":\"SearchAction\",\"target\":{\"@type\":\"EntryPoint\",\"urlTemplate\":\"https:\\\/\\\/www.mjr.gmbh\\\/fr\\\/?s={search_term_string}\"},\"query-input\":{\"@type\":\"PropertyValueSpecification\",\"valueRequired\":true,\"valueName\":\"search_term_string\"}}],\"inLanguage\":\"fr-FR\"},{\"@type\":\"Organization\",\"@id\":\"https:\\\/\\\/www.mjr.gmbh\\\/fr\\\/#organization\",\"name\":\"MJR GmbH\",\"url\":\"https:\\\/\\\/www.mjr.gmbh\\\/fr\\\/\",\"logo\":{\"@type\":\"ImageObject\",\"inLanguage\":\"fr-FR\",\"@id\":\"https:\\\/\\\/www.mjr.gmbh\\\/fr\\\/#\\\/schema\\\/logo\\\/image\\\/\",\"url\":\"\",\"contentUrl\":\"\",\"caption\":\"MJR GmbH\"},\"image\":{\"@id\":\"https:\\\/\\\/www.mjr.gmbh\\\/fr\\\/#\\\/schema\\\/logo\\\/image\\\/\"},\"sameAs\":[\"https:\\\/\\\/www.facebook.com\\\/mjr.gmbh\",\"https:\\\/\\\/www.instagram.com\\\/mjrgmbh\",\"https:\\\/\\\/www.linkedin.com\\\/company\\\/mjrgmbh\\\/\",\"https:\\\/\\\/www.youtube.com\\\/channel\\\/UCodd4EtgS-12wppUPRXK8QA\"]}]}<\/script>\n<!-- \/ Yoast SEO plugin. -->","yoast_head_json":{"title":"System Schulungen - MJR GmbH","description":"Die Schulungen im Bereich ERP-Systeme oder IBM i bieten wir Ihnen remote oder bei Ihnen vor Ort an. Sprechen Sie uns an!","robots":{"index":"index","follow":"follow","max-snippet":"max-snippet:-1","max-image-preview":"max-image-preview:large","max-video-preview":"max-video-preview:-1"},"canonical":"https:\/\/www.mjr.gmbh\/fr\/system-schulungen\/","og_locale":"fr_FR","og_type":"article","og_title":"System Schulungen - MJR GmbH","og_description":"Die Schulungen im Bereich ERP-Systeme oder IBM i bieten wir Ihnen remote oder bei Ihnen vor Ort an. Sprechen Sie uns an!","og_url":"https:\/\/www.mjr.gmbh\/fr\/system-schulungen\/","og_site_name":"MJR GmbH","article_publisher":"https:\/\/www.facebook.com\/mjr.gmbh","article_modified_time":"2026-02-11T13:40:00+00:00","og_image":[{"width":1536,"height":718,"url":"https:\/\/mjr.gmbh\/wp-content\/uploads\/it-schulung-1.png","type":"image\/png"}],"twitter_card":"summary_large_image","twitter_misc":{"Dur\u00e9e de lecture estim\u00e9e":"2 minutes"},"schema":{"@context":"https:\/\/schema.org","@graph":[{"@type":"WebPage","@id":"https:\/\/www.mjr.gmbh\/fr\/system-schulungen\/","url":"https:\/\/www.mjr.gmbh\/fr\/system-schulungen\/","name":"System Schulungen - MJR GmbH","isPartOf":{"@id":"https:\/\/www.mjr.gmbh\/fr\/#website"},"primaryImageOfPage":{"@id":"https:\/\/www.mjr.gmbh\/fr\/system-schulungen\/#primaryimage"},"image":{"@id":"https:\/\/www.mjr.gmbh\/fr\/system-schulungen\/#primaryimage"},"thumbnailUrl":"https:\/\/mjr.gmbh\/wp-content\/uploads\/it-schulung-1.png","datePublished":"2026-02-11T07:45:11+00:00","dateModified":"2026-02-11T13:40:00+00:00","description":"Die Schulungen im Bereich ERP-Systeme oder IBM i bieten wir Ihnen remote oder bei Ihnen vor Ort an. Sprechen Sie uns an!","breadcrumb":{"@id":"https:\/\/www.mjr.gmbh\/fr\/system-schulungen\/#breadcrumb"},"inLanguage":"fr-FR","potentialAction":[{"@type":"ReadAction","target":["https:\/\/www.mjr.gmbh\/fr\/system-schulungen\/"]}]},{"@type":"ImageObject","inLanguage":"fr-FR","@id":"https:\/\/www.mjr.gmbh\/fr\/system-schulungen\/#primaryimage","url":"https:\/\/mjr.gmbh\/wp-content\/uploads\/it-schulung-1.png","contentUrl":"https:\/\/mjr.gmbh\/wp-content\/uploads\/it-schulung-1.png","width":1536,"height":718,"caption":"mjr schulung"},{"@type":"BreadcrumbList","@id":"https:\/\/www.mjr.gmbh\/fr\/system-schulungen\/#breadcrumb","itemListElement":[{"@type":"ListItem","position":1,"name":"Startseite","item":"https:\/\/www.mjr.gmbh\/fr\/"},{"@type":"ListItem","position":2,"name":"System Schulungen"}]},{"@type":"WebSite","@id":"https:\/\/www.mjr.gmbh\/fr\/#website","url":"https:\/\/www.mjr.gmbh\/fr\/","name":"MJR GmbH","description":"MJR GmbH - Digitalisierung f\u00fcr den Mittelstand","publisher":{"@id":"https:\/\/www.mjr.gmbh\/fr\/#organization"},"potentialAction":[{"@type":"SearchAction","target":{"@type":"EntryPoint","urlTemplate":"https:\/\/www.mjr.gmbh\/fr\/?s={search_term_string}"},"query-input":{"@type":"PropertyValueSpecification","valueRequired":true,"valueName":"search_term_string"}}],"inLanguage":"fr-FR"},{"@type":"Organization","@id":"https:\/\/www.mjr.gmbh\/fr\/#organization","name":"MJR GmbH","url":"https:\/\/www.mjr.gmbh\/fr\/","logo":{"@type":"ImageObject","inLanguage":"fr-FR","@id":"https:\/\/www.mjr.gmbh\/fr\/#\/schema\/logo\/image\/","url":"","contentUrl":"","caption":"MJR GmbH"},"image":{"@id":"https:\/\/www.mjr.gmbh\/fr\/#\/schema\/logo\/image\/"},"sameAs":["https:\/\/www.facebook.com\/mjr.gmbh","https:\/\/www.instagram.com\/mjrgmbh","https:\/\/www.linkedin.com\/company\/mjrgmbh\/","https:\/\/www.youtube.com\/channel\/UCodd4EtgS-12wppUPRXK8QA"]}]}},"_links":{"self":[{"href":"https:\/\/www.mjr.gmbh\/fr\/wp-json\/wp\/v2\/pages\/17871","targetHints":{"allow":["GET"]}}],"collection":[{"href":"https:\/\/www.mjr.gmbh\/fr\/wp-json\/wp\/v2\/pages"}],"about":[{"href":"https:\/\/www.mjr.gmbh\/fr\/wp-json\/wp\/v2\/types\/page"}],"author":[{"embeddable":true,"href":"https:\/\/www.mjr.gmbh\/fr\/wp-json\/wp\/v2\/users\/18"}],"replies":[{"embeddable":true,"href":"https:\/\/www.mjr.gmbh\/fr\/wp-json\/wp\/v2\/comments?post=17871"}],"version-history":[{"count":5,"href":"https:\/\/www.mjr.gmbh\/fr\/wp-json\/wp\/v2\/pages\/17871\/revisions"}],"predecessor-version":[{"id":17915,"href":"https:\/\/www.mjr.gmbh\/fr\/wp-json\/wp\/v2\/pages\/17871\/revisions\/17915"}],"wp:featuredmedia":[{"embeddable":true,"href":"https:\/\/www.mjr.gmbh\/fr\/wp-json\/wp\/v2\/media\/17891"}],"wp:attachment":[{"href":"https:\/\/www.mjr.gmbh\/fr\/wp-json\/wp\/v2\/media?parent=17871"}],"curies":[{"name":"wp","href":"https:\/\/api.w.org\/{rel}","templated":true}]}}